{"id":746,"date":"2022-06-24T15:56:17","date_gmt":"2022-06-24T13:56:17","guid":{"rendered":"https:\/\/la-relache.com\/?post_type=product&#038;p=746"},"modified":"2026-02-20T17:57:51","modified_gmt":"2026-02-20T16:57:51","slug":"week-end-etre-vivant-prendre-corps-et-place","status":"publish","type":"product","link":"https:\/\/la-relache.com\/index.php\/produit\/week-end-etre-vivant-prendre-corps-et-place\/","title":{"rendered":"week-end \u00eatre vivant\u00b7e &#8211; prendre corps et place &#8211; du 28 au 30.X.22"},"content":{"rendered":"<p><strong>du 28 au 30 octobre 2022<\/strong><br \/>\n\u00e0 l&rsquo;Atelier des Sources, Angles-sur-l&rsquo;Anglin<br \/>\n(\u00e0 3h de nantes en voiture et 2h de paris en train)<br \/>\n<strong>&#8211;<\/strong><\/p>\n<p><strong>yoga &amp; naturopathie<\/strong><br \/>\navec Camille Delas &amp; M\u00e9lanie Jouen<\/p>\n<p><strong>&#8211;<br \/>\n<\/strong><strong>des s\u00e9ances quotidiennes de hatha yoga, pranayama et m\u00e9ditation<br \/>\ndes ateliers phytoth\u00e9rapie \/ naturopathie, auto-massages et constellations familiales<br \/>\nune exp\u00e9rience globale pour s\u2019incarner dans le corps et le monde, pour \u00eatre et agir<\/strong><\/p>\n<p>&#8211;<br \/>\nEt si, par l\u2019exp\u00e9rience physique et par la connaissance des plantes, par l\u2019exploration des syst\u00e8mes internes (physiologiques, psychologiques) et externes (familiaux et autres), par le souffle, le mouvement et les sens, nous pouvions reprendre corps et place dans le monde ?<\/p>\n<p><span style=\"font-weight: 400;\">Car si\u00a0<\/span><span style=\"font-weight: 400;\">la<\/span> <span style=\"font-weight: 400;\">crise<\/span> <span style=\"font-weight: 400;\">\u00e9cologique<\/span><span style=\"font-weight: 400;\"> es<\/span><span style=\"font-weight: 400;\">t<\/span> <span style=\"font-weight: 400;\">une<\/span> <span style=\"font-weight: 400;\">crise<\/span> <span style=\"font-weight: 400;\">de<\/span> <span style=\"font-weight: 400;\">la<\/span> <span style=\"font-weight: 400;\">sensibilit\u00e9<\/span> <span style=\"font-weight: 400;\">des<\/span> <span style=\"font-weight: 400;\">humains<\/span> <span style=\"font-weight: 400;\">vis-\u00e0-vis<\/span> <span style=\"font-weight: 400;\">des<\/span> <span style=\"font-weight: 400;\">autres<\/span> <span style=\"font-weight: 400;\">vivants<\/span> <span style=\"font-weight: 400;\">(animaux,<\/span> <span style=\"font-weight: 400;\">v\u00e9g\u00e9taux,<\/span> <span style=\"font-weight: 400;\">bact\u00e9ries), peut-on se re-sensibiliser, ressentir \u00e0 nouveau ce qui nous relie au monde ?<\/span><\/p>\n<p class=\"font_8\">Au cours de ce week-end, nous souhaitons amener votre conscience dans l\u2019exp\u00e9rience aussi \u00e9l\u00e9mentaire \u00a0que subtile du corps, ou plut\u00f4t des corps que nous sommes. \u00c0 travers nos approches engag\u00e9es et joyeuses, nos sensibilit\u00e9s singuli\u00e8res, nous souhaitons partager avec vous quelques voies possibles pour vivre pleinement ce qui est \u00e0 vivre.<\/p>\n<p class=\"font_8\">Nous explorerons la notion de racine et de rhizome sur les plans physiques, \u00e9nerg\u00e9tiques, psychiques mais aussi botaniques et naturopathiques.<\/p>\n<p class=\"font_8\">&#8211; Les s\u00e9ances collectives combineront postures et techniques internes de respiration, de visualisation et de m\u00e9ditation [dans la tradition du hatha yoga et du raja yoga, selon l\u2019\u00e9cole tantrique Satyananda]<\/p>\n<p class=\"font_8\">&#8211; Les ateliers nous m\u00e8neront d\u2019une balade au grand air \u00e0 un enseignement th\u00e9orique sur les fondements de la naturopathie, d\u2019un partage d\u2019auto-massage \u00e0 une constellation familiale.<\/p>\n<p class=\"font_8\">Chaque jour se cl\u00f4turera autour d\u2019un cercle de paroles, pour d\u00e9poser ce qui a \u00e9t\u00e9 v\u00e9cu, ce qui a \u00e9t\u00e9 laiss\u00e9, ce qui a \u00e9t\u00e9 re\u00e7u.<\/p>\n<p><strong>&#8211;<\/strong><br \/>\n<strong><span class=\"color_29\">Camille Delas<\/span><\/strong><\/p>\n<p class=\"font_8\">Il y a quelques ann\u00e9es, j&rsquo;ai d\u00e9couvert l&rsquo;herboristerie d&rsquo;antan, la naturopathie ainsi que le soin par les massages. Tout a chang\u00e9 doucement, tout doucement. La magie op\u00e9rant, la posture se modifiant face au quotidien, le voile se levant, j&rsquo;ai pris conscience que la sant\u00e9 passe par la reconqu\u00eate de son corps, la prise d&rsquo; autonomie et la responsabilit\u00e9 face \u00e0 son hygi\u00e8ne de vie. J&rsquo;exerce d\u00e9sormais la naturopathie et partage avec vous ces merveilleux outils lors de s\u00e9ances individuelles, d&rsquo;ateliers et de week-end de pratique en petit groupe. Passionn\u00e9e par le monde int\u00e9rieur qui nous habite tant conscient qu\u2019inconscient, j\u2019enrichis r\u00e9guli\u00e8rement mes comp\u00e9tences d\u2019outils d\u2019accompagnement en d\u00e9veloppement personnel.<\/p>\n<p class=\"font_8\"><strong><span class=\"color_29\">M\u00e9lanie Jouen<\/span><\/strong><\/p>\n<p class=\"font_8\">Initi\u00e9e aux techniques authentiques du hatha, raja, kundalini yoga et yoga nidra dans la lign\u00e9e de Swami Satyananda \u2013 Bihar School of Yoga, c\u2019est aujourd\u2019hui cet enseignement que je transmets. La pleine conscience (selon Thich Nhat Hanh) et le contact improvisation nourrissent \u00e9galement mon approche. Form\u00e9e au yoga pr\u00e9- et post- natal selon Bernadette de Gasquet, j\u2019int\u00e8gre \u00e0 l\u2019occasion cette m\u00e9thode. Form\u00e9e \u00e9galement aux constellations syst\u00e9miques, j\u2019accompagne les personnes \u00e0 prendre conscience de ce qui est, de leur place au sein du monde. Je m\u2019inscris dans l\u2019\u00e9cologie circulaire de l\u2019exp\u00e9rience, de la connaissance : je transmets ce que je re\u00e7ois et re\u00e7ois lorsque que je transmets.<\/p>\n<p><strong>&#8211;<br \/>\nle lieu<\/strong><\/p>\n<p class=\"font_8\">Nous serons h\u00e9berg\u00e9s \u00e0 l&rsquo;Atelier des Sources, Un lieu de stages et de retraites d\u00e9di\u00e9 au bien-\u00eatre et au ressourcement g\u00e9r\u00e9 par Jo\u00ebl et Emmanuelle.<\/p>\n<p class=\"font_8\">\u00ab\u00a0Faire un stage ou une retraite \u00e0 l&rsquo;Atelier des Sources, c&rsquo;est s&rsquo;ouvrir \u00e0 la rencontre int\u00e9rieure, s&rsquo;ouvrir \u00e0 l&rsquo;autre, \u00e0 travers des pratiques ressour\u00e7antes et stimulantes. Notre savoir-faire : accueillir chaleureusement vos stages bien-\u00eatre et d\u00e9veloppement personnel.\u00a0\u00bb<\/p>\n<p class=\"font_8\"><strong>l&rsquo;Atelier des Sources<\/strong><br \/>\n5 route de Vicq, Angles-sur-l&rsquo;Anglin, Vienne, 86260<br \/>\n<a href=\"mailto:contact@ateliersources.com\" target=\"_self\" rel=\"noopener\">contact@ateliersources.com<\/a><br \/>\n<a href=\"https:\/\/www.ateliersources.com\/\" target=\"_blank\" rel=\"noreferrer noopener\">https:\/\/www.ateliersources.com\/<\/a><\/p>\n<p>&nbsp;<\/p>\n<p><strong>&#8211;<\/strong><br \/>\n<strong>le programme<\/strong><br \/>\nsous r\u00e9serve de modification<\/p>\n<p class=\"font_8\"><span class=\"color_29\"><strong>vendredi<\/strong><br \/>\n<\/span>18h accueil et installation des participants<br \/>\n19h00 d\u00eener<br \/>\n20h30 dercle d&rsquo;ouverture, cercle de parole et m\u00e9ditation puis entr\u00e9e dans le silence jusqu\u2019au lendemain midi<\/p>\n<p class=\"font_8\"><strong><span class=\"wixGuard\">\u200bs<\/span><\/strong><span class=\"color_29\"><strong>amedi<\/strong><br \/>\n<\/span>\u00e0 compter de 7h30 rendez-vous pour pratiquer des salutations avec Melanie ou pour une pratique libre. Collation l\u00e9g\u00e8re \u00e0 disposition.<br \/>\n9h \u00e0 11h pratique du yoga avec Melanie<br \/>\n11h15 \u00e0 12h15 atelier auto-massage avec Camille<br \/>\n12h30 \u00e0 15h30 pause d\u00e9jeuner et temps libre<br \/>\nen option de 14h30 \u00e0 15h30 une balade ou un approfondissement yoga selon la m\u00e9t\u00e9o<br \/>\n15h30-17h45 atelier naturopathie avec Camille : hygi\u00e8ne de vie pour un corps en pr\u00e9sence<br \/>\n17h45-19h technique interne et m\u00e9ditation avec M\u00e9lanie<br \/>\n19h30 d\u00eener<br \/>\n21h cercle de parole \/ m\u00e9ditation puis entr\u00e9e en silence<\/p>\n<p class=\"font_8\"><strong><span class=\"wixGuard\">\u200bd<\/span><span class=\"color_29\">imanche<\/span>\u00a0<\/strong><br \/>\n\u00e0 compter de 7h30 pratique des salutations ou pratique libre, collation au choix<br \/>\n9h \u00e0 11h pratique du yoga avec M\u00e9lanie<br \/>\n11h \u00e0 12h atelier \u00e9change et partage avec Camille<br \/>\n12h30 \u00e0 15h pause d\u00e9jeuner, temps libre<br \/>\nen option pendant le temps libre : une balade en pleine nature ou un approfondissement yoga selon la m\u00e9t\u00e9o<br \/>\n14h30-17h atelier constellation avec M\u00e9lanie le dimanche<br \/>\n17h cercle de cl\u00f4ture<\/p>\n<p class=\"font_8\"><span class=\"color_29\"><strong>&#8211;<\/strong><br \/>\n<strong>les prestations<\/strong><br \/>\n<\/span><\/p>\n<p class=\"font_8\">-les pratiques de yoga, les ateliers naturopathie, constellations et automassages, les temps de m\u00e9ditation<br \/>\n-deux nuits en chambre partag\u00e9e (2 \u00e0 3 personnes maxi) \u00e0 l&rsquo;atelier des sources<br \/>\n-pension compl\u00e8te, repas v\u00e9g\u00e9tariens faits maison par Emmanuelle et J\u00f6el<\/p>\n<p class=\"font_8\"><span class=\"color_29\"><strong>&#8211;<\/strong><br \/>\n<strong>le tarif<\/strong><br \/>\n<\/span><\/p>\n<p class=\"font_8\">350\u20ac jusqu\u2019au 15 septembre<br \/>\n380 \u20ac \u00e0 partir du 16\u00a0 septembre<br \/>\nincluant les frais p\u00e9dagogique\u00a0 et l\u2019h\u00e9bergement en pension compl\u00e8te avec draps et serviette fournis (180\u20ac)<br \/>\nsi le tarif est un frein \u00e0 votre venue, contactez-nous pour b\u00e9n\u00e9ficier d&rsquo;un tarif solidaire (nombre limit\u00e9 de places)<\/p>\n<p class=\"font_8\"><strong><span class=\"color_29\">&#8211;<br \/>\n<\/span><\/strong><span class=\"color_29\"><strong>les modalit\u00e9s d&rsquo;inscription<\/strong><\/span><\/p>\n<p>inscription par mail (<a href=\"mailto:camilledelas.naturopathie@gmail.com\" target=\"_self\" rel=\"noopener\">camilledelas.naturopathie@gmail.com<\/a> \/ <a href=\"mailto:ici@la-relache.com\" target=\"_self\" rel=\"noopener\">ici@la-relache.com<\/a> ) suivi<br \/>\n-de l\u2019envoi d\u2019un acompte\u00a0 de 120\u20ac<br \/>\nvotre r\u00e9servation est effective au moment de la r\u00e9ception du ch\u00e8que\u00a0\u00e0 l\u2019ordre de Camille Delas \u00e0 l\u2019adresse suivante : Camille Delas 8 la Barbarie 87150 Oradour sur Vayres<br \/>\n-ou du r\u00e8glement du prix total du stage<br \/>\nvia l&rsquo;achat en ligne sur la-relache.com<br \/>\npar virement (rib sur demande)<\/p>\n<p><strong>&#8211;<\/strong><br \/>\n<strong>les conditions d&rsquo;annulation<\/strong><\/p>\n<p>en cas d\u2019annulation de votre part<br \/>\n60 jours avant le d\u00e9but du stage, 100% de l\u2019acompte ou du prix du stage sera rembours\u00e9<br \/>\n60-30 jours avant d\u00e9but du stage, 50% de l\u2019acompte ou du prix du stage sera rembours\u00e9<br \/>\n30 jours avant le d\u00e9but du stage , aucun remboursement de l\u2019acompte ou du prix du stage ne sera effectu\u00e9<\/p>\n<p class=\"font_8\"><strong>&#8211;<\/strong><br \/>\n<strong>nous r\u00e9pondons \u00e0 vos\u00a0<\/strong><b>questions<\/b><\/p>\n<p>-sur l\u2019Atelier des sources et Angles sur l\u2019Anglin : <a href=\"http:\/\/www.ateliersources.com\/\" target=\"_blank\" rel=\"noreferrer noopener\">ateliersources.com<\/a> ou contactez Jo\u00ebl au 06.03.00.04.00 et Emmanuelle au 06.80.07.47.88<br \/>\n-sur le week-end<br \/>\nM\u00e9lanie &#8211; +33 6 76 29 78 56<br \/>\nCamille &#8211; +33 6 79 18 89 34 &#8211;\u00a0<a href=\"https:\/\/www.camilledelas.com\" target=\"_blank\" rel=\"noreferrer noopener\">camilledelas.com<\/a><\/p>\n<p>&nbsp;<\/p>\n","protected":false},"excerpt":{"rendered":"<p>du 28 au 30 octobre 2022 \u00e0 l&rsquo;Atelier des Sources, Angles-sur-l&rsquo;Anglin (\u00e0 3h de nantes en voiture et 2h de paris en train) &#8211; yoga &amp; naturopathie avec Camille Delas &amp; M\u00e9lanie Jouen &#8211; des s\u00e9ances quotidiennes de hatha yoga, pranayama et m\u00e9ditation des ateliers phytoth\u00e9rapie \/ naturopathie, auto-massages et constellations familiales une exp\u00e9rience globale<a class=\"more-link\" href=\"https:\/\/la-relache.com\/index.php\/produit\/week-end-etre-vivant-prendre-corps-et-place\/\">en lire plus \u27f6<\/a><\/p>\n","protected":false},"featured_media":748,"template":"","meta":{"_editorskit_title_hidden":false,"_editorskit_reading_time":0,"spay_email":""},"jetpack_sharing_enabled":true,"_links":{"self":[{"href":"https:\/\/la-relache.com\/index.php\/wp-json\/wp\/v2\/product\/746"}],"collection":[{"href":"https:\/\/la-relache.com\/index.php\/wp-json\/wp\/v2\/product"}],"about":[{"href":"https:\/\/la-relache.com\/index.php\/wp-json\/wp\/v2\/types\/product"}],"wp:featuredmedia":[{"embeddable":true,"href":"https:\/\/la-relache.com\/index.php\/wp-json\/wp\/v2\/media\/748"}],"wp:attachment":[{"href":"https:\/\/la-relache.com\/index.php\/wp-json\/wp\/v2\/media?parent=746"}],"curies":[{"name":"wp","href":"https:\/\/api.w.org\/{rel}","templated":true}]}}