{"id":1082,"date":"2025-11-29T18:03:03","date_gmt":"2025-11-29T17:03:03","guid":{"rendered":"https:\/\/la-relache.com\/?post_type=product&#038;p=1082"},"modified":"2026-02-20T17:38:22","modified_gmt":"2026-02-20T16:38:22","slug":"immersion-etre-vivant-e-des-attentions-etendues-du-22-au-26-iv-26","status":"publish","type":"product","link":"https:\/\/la-relache.com\/index.php\/produit\/immersion-etre-vivant-e-des-attentions-etendues-du-22-au-26-iv-26\/","title":{"rendered":"immersion \u00eatre vivant\u00b7e : des attentions \u00e9tendues &#8211; du 22 au 26.IV.26"},"content":{"rendered":"<p><b>immersion \u00eatre vivant\u00b7e :<span class=\"Apple-converted-space\"> des attentions \u00e9tendues<br \/>\n<\/span><\/b>hatha yoga \u00b7 mouvement \u00b7 pranayama \u00b7 yoga nidra \u00b7 m\u00e9ditation<br \/>\nbain nordique + constellations + bocage breton<\/p>\n<p>du 22 au 26 avril 2026<br \/>\n<a href=\"https:\/\/www.ecolodge-labelleverte.fr\">\u00c9colodge La Belle Verte<\/a> &#8211; \u00cele-et-Vilaine<br \/>\n\u00e0 45 minutes de Rennes et Laval, 1h15 de Nantes (en voiture) et \u00e0 1h30 de Paris (en train)<\/p>\n<p>1\u00b0 onze s\u00e9ances de yoga et quatre sessions de pratique libre<br \/>\n2\u00b0 huit repas (brunch et d\u00eener + collation) concoct\u00e9s par l\u2019\u00e9quipe de l\u2019\u00e9colodge<br \/>\n3\u00b0 un bain nordique<br \/>\n4\u00b0 des interstices, des pauses et des d\u00e9poses au gr\u00e9 d\u2019une balade, d\u2019une constellation syst\u00e9mique, d\u2019une sieste et de ce qui aura lieu<br \/>\n5\u00b0 une exp\u00e9rience joyeuse individuelle et collective !<\/p>\n<p><strong>Cette immersion invite \u00e0 \u00e9tendre notre attention et \u00e0 r\u00e9habiter nos syst\u00e8mes internes. Par le corps, le souffle et l\u2019attention, nous explorerons comment le syst\u00e8me nerveux se r\u00e9gule. Nous cultiverons des espaces de consid\u00e9ration \u2014 pour soi, pour celles, ceux et ce qui nous entourent \u2014 afin de sentir comment nos attentions individuelles s\u2019inscrivent dans des dynamiques plus larges, relationnelles et syst\u00e9miques.<\/strong><\/p>\n<p>Les pratiques du corps (\u0101sanas), du souffle (pr\u0101\u1e47\u0101y\u0101ma) et de l\u2019attention (praty\u0101h\u0101ra, dh\u0101ra\u1e47\u0101, dhy\u0101na), accompagn\u00e9es des bandhas (nouages) et des mudr\u0101s issues du yoga, nous permettront d\u2019orienter nos attentions dans le corps, et au-del\u00e0 du corps. Nous veillerons \u00e0 exp\u00e9rimenter une attention ni active ni passive : une \u00ab voie m\u00e9diane \u00bb, un \u00e9tat qui \u00e9chappe aux oppos\u00e9s, aux dualit\u00e9s.<\/p>\n<p>Dans cette approche syst\u00e9mique, l\u2019attention n\u2019est plus une ressource individuelle \u00e0 optimiser, mais un tissu relationnel : ce qui nous relie, nous informe, nous oriente. \u00catre attentif, attentive \u00e0 notre syst\u00e8me nerveux devient alors une mani\u00e8re d\u2019\u00e9largir notre pr\u00e9sence et d\u2019entrer dans un rapport plus ajust\u00e9 au monde.<\/p>\n<p>Nous interrogerons ce que peut \u00eatre une souverainet\u00e9 attentionnelle, c\u2019est-\u00e0-dire la capacit\u00e9 de choisir ce \u00e0 quoi nous offrons notre pr\u00e9sence, avec discernement. \u00c0 travers nos attentions, nous ouvrirons un espace de consid\u00e9ration. \u00c9tymologiquement, consid\u00e9rer*, c\u2019est \u201cobserver les \u00e9toiles ensemble\u201d, \u201cexaminer avec les astres\u201d. Nous observerons les formes que prend le r\u00e9el pour chacun, chacune, et nous cultiverons des \u00e9gards pour soi, pour l\u2019autre, pour le milieu qui nous accueille, pour la terre et le ciel. Des attentions \u00e9tendues.<\/p>\n<p>* du latin <i>considerare<\/i>, form\u00e9 de <i>con-<\/i> (\u201cavec\u201d) et <i>sidus \/ sideris<\/i> (\u201castre\u201d, \u201c\u00e9toile\u201d, \u201cconstellation\u201d)<\/p>\n<p><strong>un rendez-vous ouvert \u00e0 toustes, \u00e0 tous les corps : un questionnaire vous sera envoy\u00e9 quelques jours avant l\u2019immersion pour mieux vous conna\u00eetre et adapter la proposition, qui s&rsquo;ajustera en temps r\u00e9el, avec vous.<\/strong><\/p>\n<p><strong>les journ\u00e9es s\u2019\u00e9gr\u00e8neront au rythme de<\/strong><br \/>\n-5h de pratique quotidienne du yoga (asanas, pranayama, kundalini, m\u00e9ditation guid\u00e9e, yoga nidra)<br \/>\n-4h de temps libre et les rencontres avec : les chemins de randonn\u00e9e, les autres buissonniers, le repos, Vitr\u00e9 et son ch\u00e2teau, la Vilaine \u00e0 c\u00f4t\u00e9<br \/>\n-le vendredi soir, nous pourrons profiter du bain nordique ext\u00e9rieur (le bain nordique est une grande barrique en bois, chauff\u00e9e par un po\u00eale \u00e0 bois \u00e0 39\u00b0C)<br \/>\n-1h15 de constellation syst\u00e9mique individuelle en bonus (places limit\u00e9es)<\/p>\n<p><strong>bonus<br \/>\n<\/strong>Les constellations syst\u00e9miques (ou spatialisation d\u2019un syst\u00e8me) offrent une repr\u00e9sentation de notre rapport au monde, prennent soin de nos relations et ouvrent le champ d\u2019un rituel actuel. Chaque apr\u00e8s-midi, celles et ceux qui le souhaitent pourront recevoir une constellation individuelle avec moi, sur le sujet de leur choix,.<br \/>\ndur\u00e9e 1h15 \u2013 tarif immersion 50\u20ac \u2013 places limit\u00e9es, inscription sur place uniquement<\/p>\n<p><strong>programme (sous r\u00e9serve de modifications)<\/strong><br \/>\n\u00b7<\/p>\n<p><strong>mercredi 22 avril \u2013 arriv\u00e9e<\/strong><br \/>\n\u00e0 partir de 15h accueil<span class=\"Apple-converted-space\"><br \/>\n<\/span>15h30 installation dans les chambres<br \/>\n16h30 ouverture<br \/>\n17h30 &#8211; 19h pratique hatha + pranayama + m\u00e9ditation<br \/>\n19h30 d\u00eener<\/p>\n<p><strong>jeudi 23, vendredi 24, samedi 25 avril<br \/>\n<\/strong>\u00e0 partir de 7h30 salutations au soleil, pratique personnelle<br \/>\nd\u00e8s 8h collation \u00e0 disposition<br \/>\n9h \u2013 11h hatha yoga (postures)<br \/>\n11h15 \u2013 12h yoga nidra (relaxation)<br \/>\n12h30 brunch<br \/>\n14h \u2013 17h marche du temps profond<br \/>\n16h \u2013 17h15 cr\u00e9neau bonus constellations syst\u00e9miques<br \/>\n17h30 \u2013 19h30\u00a0pranayama (techniques respiratoires), m\u00e9ditation guid\u00e9e<br \/>\n20h d\u00eener<\/p>\n<p><strong>dimanche 26 avril \u2013 d\u00e9part<\/strong><br \/>\n\u00e0 partir de 7h30 salutations au soleil, pratique personnelle, grignote matinale<br \/>\nd\u00e8s 8h collation \u00e0 disposition<br \/>\n9h \u2013 11h hatha yoga et relaxation<br \/>\n12h \u2013 brunch<br \/>\n13h30 \u2013 14h30 cl\u00f4ture<br \/>\n15h d\u00e9part<\/p>\n<p><strong>h\u00e9bergement<\/strong><\/p>\n<p><strong>le g\u00eete<\/strong><br \/>\n6 chambres partag\u00e9es \u00e9quip\u00e9es de 2 lits simples<br \/>\n4 salles de bains et 4 toilettes<br \/>\n1 salon avec po\u00eale \u00e0 bois qui sera notre lieu de vie<br \/>\n3 terrasses<\/p>\n<p><strong>les deux lodges<\/strong><br \/>\n1 lit double en rez de chauss\u00e9e<br \/>\n1 lit double en mezzanine<br \/>\n1 toilette s\u00e8che<br \/>\n1 terrasse<br \/>\ndans le premier : 1 douche italienne et 1 espace cuisine<br \/>\ndans le second : 1 baignoire en bois et 1 espace kitchenette<\/p>\n<p><strong>la tiny house<br \/>\n<\/strong>1 cuisine \u00e9quip\u00e9e<br \/>\n1 salle de bain<br \/>\n1 toilette s\u00e8che<br \/>\n1 lit double en mezzanine<br \/>\n1 terrasse<\/p>\n<p>les draps de lits et serviettes de toilette sont fournis<br \/>\nle wifi est disponible sur demande m\u00eame si nous recommandons chaudement la d\u00e9tox digitale !<br \/>\nvous aurez acc\u00e8s \u00e0 l\u2019ensemble du site<\/p>\n<p><strong>repas<br \/>\n<\/strong>brunch + collation : Boissons chaudes, pain frais, beurre, confiture, fromage blanc, jus de pommes, muesli, fruits frais, tartes sal\u00e9s ou cake, fromage, oeufs<br \/>\nd\u00eener : 1 plat chaud v\u00e9g\u00e9tarien accompagn\u00e9 d\u2019une salade + 1 dessert<\/p>\n<p>les repas sont v\u00e9g\u00e9tariens, pr\u00e9par\u00e9s maison par Lucie et Margot, ils sont d\u00e9pos\u00e9s dans la pi\u00e8ce de vie du g\u00eete<br \/>\nun questionnaire vous sera envoy\u00e9 quelques jours avant le d\u00e9but de l\u2019immersion pour conna\u00eetre vos \u00e9ventuelles allergies et intol\u00e9rances.<br \/>\ndes boissons chaudes (th\u00e9, tisanes) sont mises \u00e0 disposition en libre-service<\/p>\n<p><strong>temps libre<br \/>\n<\/strong>Vous serez libres tous les jours, de 14h \u00e0 17h30, pour le repos, les rencontres et d\u00e9couvrir la campagne autour \u00e0 travers ses sentiers, la Vilaine, et Vitr\u00e9<\/p>\n<p><strong>transports<br \/>\n<\/strong>l\u2019\u00c9colodge La Belle Verte est situ\u00e9<span class=\"Apple-converted-space\"><br \/>\n<\/span>\u00e0 La Pihourdi\u00e8re &#8211; SAINT M\u2019HERVE (35500)<br \/>\ncoordonn\u00e9es GPS :\u00a0 N 48\u00b011\u201925,416\u2033\u00a0 W 1\u00b05\u201953,827\u2033<\/p>\n<p><strong>train \u2013<\/strong> la gare la plus proche est la gare de Vitr\u00e9, \u00e0 10 minutes en voiture, il existe \u00e9galement une liaison quotidienne entre Rennes et Vitr\u00e9 en TER<br \/>\n<strong>bus \u2013<\/strong> il existe 6 trajets quotidiens entre Vitr\u00e9 et Saint-M\u2019Herv\u00e9<br \/>\n<strong>co-voiturage \u2013<\/strong> 45 min de Rennes et Laval, 1h15 de Nantes, 3h30 de Paris<br \/>\navant chaque immersion, je mets en relation les personnes qui souhaitent covoiturer, selon les possibilit\u00e9s<br \/>\n<strong>taxi \u2013<\/strong> faites appel au taxi <a href=\"https:\/\/allotaximarie.fr\/\">Allo Taxi Marie<\/a> &#8211; contact : 06 09 10 11 60<\/p>\n<p>toutes les infos sont sur le site de <a href=\"https:\/\/www.ecolodge-labelleverte.fr\/comment-venir\/\">l&rsquo;\u00e9colodge<\/a><\/p>\n<p><strong>le tarif\u00b0<br \/>\n<\/strong><strong>g\u00eete 730\u20ac<br \/>\n\u00e9colodge &#8211; suppl\u00e9ment 40\u20ac<\/strong><br \/>\n<strong>tiny house &#8211; suppl\u00e9ment de 90\u20ac<\/strong><br \/>\n<strong>solidaire\u00b0\u00b0 680\u20ac<\/strong><\/p>\n<p><strong>le tarif inclut<br \/>\n<\/strong>l\u2019h\u00e9bergement pour quatre nuits<br \/>\nle d\u00eener du premier soir, les collations, brunchs et d\u00eeners du jeudi au samedi ainsi que le brunch du dimanche<br \/>\nles onze s\u00e9ances de yoga et les sessions libres<br \/>\nun acc\u00e8s au bain nordique le vendredi soir<br \/>\nles tisanes, th\u00e9s et caf\u00e9s pris dans la cuisine partag\u00e9e du g\u00eete<br \/>\nle linge de lit et de toilette<\/p>\n<p><strong>le tarif n&rsquo;inclut pas<br \/>\n<\/strong>les assurances voyages et sant\u00e9<br \/>\nle transport<br \/>\nle mat\u00e9riel de yoga<br \/>\nle bonus constellation syst\u00e9mique individuelle<br \/>\nles \u00e9ventuelles activit\u00e9s suppl\u00e9mentaires<br \/>\nles consommations compl\u00e9mentaires<\/p>\n<p>\u00b0si vous souhaitez un paiement \u00e9chelonn\u00e9, dites-moi<br \/>\n\u00b0\u00b0quelle que soit votre condition, sur demande, je propose 1 place au tarif solidaire<\/p>\n<p><strong>paiement<br \/>\n<\/strong>-pour r\u00e9server votre s\u00e9jour, il suffit de verser un acompte de 250\u20ac directement sur le site la-relache.com (tarif normal non \u00e9chelonn\u00e9) ou par mail \u00e0 ici@la-relache.com et virement (tarif r\u00e9duit ou tarif \u00e9chelonn\u00e9) \u2013 iban sur demande.<br \/>\n-en cas d\u2019annulation en raison d\u2019\u00e9ventuelles mesures sanitaires gouvernementales, ce versement sera rembours\u00e9 dans son int\u00e9gralit\u00e9.<br \/>\n-le solde sera pay\u00e9 15 jours avant le d\u00e9but du stage, par virement sur le compt\u00e9e la rel\u00e2che<\/p>\n<p><strong>annulation<br \/>\n<\/strong>en cas d\u2019annulation de votre part,<br \/>\n60 jours avant le\u00a0d\u00e9but du stage\u00a0: 100% de l\u2019acompte sera rembours\u00e9.<br \/>\n60-30 jours avant d\u00e9but du stage\u00a0: 50% de l\u2019acompte sera rembours\u00e9<br \/>\n30 jours avant le d\u00e9but du stage\u00a0: aucun remboursement\u00a0de l\u2019acompte\u00a0ne sera effectu\u00e9.<\/p>\n<p><strong>pr\u00e9cisions<br \/>\n<\/strong>Pour plus d\u2019information \u00e0 propos de l\u2019immersion, contactez-moi [<a href=\"mailto:ici@la-relache.com\">ici@la-relache.com<\/a> \u2013 06 76 29 78 56] et \u00e0 propos de Maison Glaz, venez voir sur <a href=\"https:\/\/www.ecolodge-labelleverte.fr\">ecolodge-labelleverte.fr<\/a><\/p>\n<p><b>M\u00e9lanie Jouen<br \/>\n<\/b>Autrice, conseill\u00e8re artistique, professeure de yoga et constellatrice<br \/>\nIniti\u00e9e aux techniques authentiques du hatha, raja, kundalini yoga et yoga nidra par Francis et Jean-Louis Gianfermi dans la lign\u00e9e de Swami Satyananda \u2013 Bihar School of Yoga, c\u2019est aujourd\u2019hui cet enseignement que je transmets. La pleine conscience (selon Thich Nhat Hanh), le contact improvisation et l\u2019exploration du mouvement nourrissent \u00e9galement mon approche. Form\u00e9e au yoga pr\u00e9- et post- natal selon Bernadette de Gasquet, j\u2019int\u00e8gre \u00e0 l\u2019occasion cette m\u00e9thode. Form\u00e9e aux constellations syst\u00e9miques par Catherine Hudovernik en Belgique, j\u2019accompagne les personnes \u00e0 voir et nommer ce qui est, \u00e0 \u00eatre et agir, \u00e0 s\u2019incarner, tout simplement, convaincue que la prise de conscience de nos m\u00e9canismes internes accompagne la d\u00e9construction des dynamiques externes qui nous dominent. Autrice et conseill\u00e8re artistique, j\u2019accompagne des artistes dans leur processus de cr\u00e9ation.<\/p>\n<p><b>La belle verte<br \/>\n<\/b>Nich\u00e9e au c\u0153ur d\u2019un verger centenaire en Bretagne, La Belle verte, c\u2019est un confortable g\u00eete, de petits logements \u00e9coresponsables semi\u2011enterr\u00e9s ou des cabanes sous les pommier. Le lieu offre un jardin, une mini ferme, et un bocage id\u00e9al pour marcher, respirer, percevoir. H\u00e9l\u00e8ne, Margot et \u00c9tienne visent pour La Belle verte, une <b>empreinte minimale<\/b> sur l\u2019environnement \u2014 dans sa construction, sa gestion des ressources, sa restauration, ses pratiques quotidiennes.<span class=\"Apple-converted-space\">\u00a0<\/span><\/p>\n","protected":false},"excerpt":{"rendered":"<p>immersion yoga, respiration et m\u00e9ditation de 4 jours et 4 nuits en \u00cele-et-Vilaine<br \/>\n\u00b7<br \/>\n<strong>tarif<\/strong><br \/>\n<strong>g\u00eete 730\u20ac<br \/>\n\u00e9colodge &#8211; suppl\u00e9ment 40\u20ac<br \/>\ntiny house &#8211; suppl\u00e9ment de 90\u20ac<br \/>\nsolidaire\u00b0\u00b0 680\u20ac<br \/>\n<\/strong><strong>\u00b7<br \/>\nr\u00e8glement<br \/>\n350\u20ac<\/strong> d&rsquo;acompte \u00e0 r\u00e9gler en ligne<br \/>\n<strong>et le solde<\/strong>, selon votre choix d&rsquo;h\u00e9bergement et dans la limite des places disponibles, \u00e0 r\u00e9gler par virement, au plus tard 15 jours avant le d\u00e9but de l&rsquo;immersion<\/p>\n<p><strong>\u00b0 facilit\u00e9s de paiement sur demande par e-mail \u00e0 ici@la-relache.com<br \/>\n\u00b0\u00b0 sans condition, une place est disponible \u00e0 ce tarif, si vous \u00eates en situation de vuln\u00e9rabilit\u00e9 \u00e9conomique, sur demande par e-mail \u00e0 ici@la-relache.com<br \/>\n<\/strong><\/p>\n","protected":false},"featured_media":1084,"template":"","meta":{"_editorskit_title_hidden":false,"_editorskit_reading_time":0,"spay_email":""},"jetpack_sharing_enabled":false,"_links":{"self":[{"href":"https:\/\/la-relache.com\/index.php\/wp-json\/wp\/v2\/product\/1082"}],"collection":[{"href":"https:\/\/la-relache.com\/index.php\/wp-json\/wp\/v2\/product"}],"about":[{"href":"https:\/\/la-relache.com\/index.php\/wp-json\/wp\/v2\/types\/product"}],"wp:featuredmedia":[{"embeddable":true,"href":"https:\/\/la-relache.com\/index.php\/wp-json\/wp\/v2\/media\/1084"}],"wp:attachment":[{"href":"https:\/\/la-relache.com\/index.php\/wp-json\/wp\/v2\/media?parent=1082"}],"curies":[{"name":"wp","href":"https:\/\/api.w.org\/{rel}","templated":true}]}}