{"id":57,"date":"2021-01-21T11:28:23","date_gmt":"2021-01-21T10:28:23","guid":{"rendered":"https:\/\/la-relache.com\/?page_id=57"},"modified":"2025-12-02T10:49:51","modified_gmt":"2025-12-02T09:49:51","slug":"yogaseance","status":"publish","type":"page","link":"https:\/\/la-relache.com\/","title":{"rendered":""},"content":{"rendered":"\n<div class=\"wp-block-image\"><figure class=\"aligncenter size-large\"><a href=\"https:\/\/la-relache.com\/index.php\/produit\/immersion-etre-vivant-e-des-attentions-etendues-du-22-au-26-iv-26\/\"><img data-attachment-id=\"1099\" data-permalink=\"https:\/\/la-relache.com\/index.php\/yogaseance\/image-daccueil-site-6\/\" data-orig-file=\"https:\/\/la-relache.com\/wp-content\/uploads\/2025\/12\/image-daccueil-site-6.jpg\" data-orig-size=\"2500,1000\" data-comments-opened=\"0\" data-image-meta=\"{&quot;aperture&quot;:&quot;0&quot;,&quot;credit&quot;:&quot;&quot;,&quot;camera&quot;:&quot;&quot;,&quot;caption&quot;:&quot;&quot;,&quot;created_timestamp&quot;:&quot;0&quot;,&quot;copyright&quot;:&quot;&quot;,&quot;focal_length&quot;:&quot;0&quot;,&quot;iso&quot;:&quot;0&quot;,&quot;shutter_speed&quot;:&quot;0&quot;,&quot;title&quot;:&quot;&quot;,&quot;orientation&quot;:&quot;0&quot;}\" data-image-title=\"image-daccueil-site-6\" data-image-description=\"\" data-medium-file=\"https:\/\/la-relache.com\/wp-content\/uploads\/2025\/12\/image-daccueil-site-6-768x307.jpg\" data-large-file=\"https:\/\/la-relache.com\/wp-content\/uploads\/2025\/12\/image-daccueil-site-6-1024x410.jpg\" loading=\"lazy\" width=\"1024\" height=\"410\" src=\"https:\/\/la-relache.com\/wp-content\/uploads\/2025\/12\/image-daccueil-site-6-1024x410.jpg\" alt=\"\" class=\"wp-image-1099\" srcset=\"https:\/\/la-relache.com\/wp-content\/uploads\/2025\/12\/image-daccueil-site-6-1024x410.jpg 1024w, https:\/\/la-relache.com\/wp-content\/uploads\/2025\/12\/image-daccueil-site-6-768x307.jpg 768w, https:\/\/la-relache.com\/wp-content\/uploads\/2025\/12\/image-daccueil-site-6-1536x614.jpg 1536w, https:\/\/la-relache.com\/wp-content\/uploads\/2025\/12\/image-daccueil-site-6-2048x819.jpg 2048w, https:\/\/la-relache.com\/wp-content\/uploads\/2025\/12\/image-daccueil-site-6-600x240.jpg 600w\" sizes=\"(max-width: 1024px) 100vw, 1024px\" \/><\/a><\/figure><\/div>\n\n\n\n<div style=\"height:115px\" aria-hidden=\"true\" class=\"wp-block-spacer\"><\/div>\n\n\n\n<h2 class=\"has-text-align-center\">pratiques<\/h2>\n\n\n\n<div style=\"height:15px\" aria-hidden=\"true\" class=\"wp-block-spacer\"><\/div>\n\n\n\n<div class=\"wp-block-columns\">\n<div class=\"wp-block-column is-vertically-aligned-top\" style=\"flex-basis:33.33%\">\n<div class=\"wp-block-image\"><figure class=\"aligncenter size-large is-resized\"><img data-attachment-id=\"410\" data-permalink=\"https:\/\/la-relache.com\/index.php\/yogaseance\/web-illustration2\/\" data-orig-file=\"https:\/\/la-relache.com\/wp-content\/uploads\/2021\/06\/web-illustration2.jpg\" data-orig-size=\"2048,2048\" data-comments-opened=\"0\" data-image-meta=\"{&quot;aperture&quot;:&quot;0&quot;,&quot;credit&quot;:&quot;&quot;,&quot;camera&quot;:&quot;&quot;,&quot;caption&quot;:&quot;&quot;,&quot;created_timestamp&quot;:&quot;0&quot;,&quot;copyright&quot;:&quot;&quot;,&quot;focal_length&quot;:&quot;0&quot;,&quot;iso&quot;:&quot;0&quot;,&quot;shutter_speed&quot;:&quot;0&quot;,&quot;title&quot;:&quot;&quot;,&quot;orientation&quot;:&quot;0&quot;}\" data-image-title=\"web-illustration2\" data-image-description=\"\" data-medium-file=\"https:\/\/la-relache.com\/wp-content\/uploads\/2021\/06\/web-illustration2-768x768.jpg\" data-large-file=\"https:\/\/la-relache.com\/wp-content\/uploads\/2021\/06\/web-illustration2-1024x1024.jpg\" loading=\"lazy\" src=\"https:\/\/la-relache.com\/wp-content\/uploads\/2021\/06\/web-illustration2-1024x1024.jpg\" alt=\"\" class=\"wp-image-410\" width=\"256\" height=\"256\" srcset=\"https:\/\/la-relache.com\/wp-content\/uploads\/2021\/06\/web-illustration2-1024x1024.jpg 1024w, https:\/\/la-relache.com\/wp-content\/uploads\/2021\/06\/web-illustration2-768x768.jpg 768w, https:\/\/la-relache.com\/wp-content\/uploads\/2021\/06\/web-illustration2-300x300.jpg 300w, https:\/\/la-relache.com\/wp-content\/uploads\/2021\/06\/web-illustration2-1536x1536.jpg 1536w, https:\/\/la-relache.com\/wp-content\/uploads\/2021\/06\/web-illustration2.jpg 2048w, https:\/\/la-relache.com\/wp-content\/uploads\/2021\/06\/web-illustration2-600x600.jpg 600w, https:\/\/la-relache.com\/wp-content\/uploads\/2021\/06\/web-illustration2-150x150.jpg 150w\" sizes=\"(max-width: 256px) 100vw, 256px\" \/><\/figure><\/div>\n\n\n\n<h3 class=\"has-text-align-center\">yoga<\/h3>\n\n\n\n<p class=\"has-text-align-center\">s\u00e9ances collectives hebdomadaires de hatha yoga, pranayama et relaxation\/m\u00e9ditation en salle (\u00e0 Indre, \u00e0 deux pas de Nantes) ou en ligne, ateliers et s\u00e9jours ponctuels, cycles hebdomadaires ou th\u00e9matiques, s\u00e9ances en petit groupe \u00e0 domicile sur demande<\/p>\n<\/div>\n\n\n\n<div class=\"wp-block-column\" style=\"flex-basis:33.33%\">\n<div class=\"wp-block-image\"><figure class=\"aligncenter size-large is-resized\"><img data-attachment-id=\"308\" data-permalink=\"https:\/\/la-relache.com\/illustration3\/\" data-orig-file=\"https:\/\/la-relache.com\/wp-content\/uploads\/2021\/06\/illustration3.jpg\" data-orig-size=\"1024,1024\" data-comments-opened=\"0\" data-image-meta=\"{&quot;aperture&quot;:&quot;0&quot;,&quot;credit&quot;:&quot;&quot;,&quot;camera&quot;:&quot;&quot;,&quot;caption&quot;:&quot;&quot;,&quot;created_timestamp&quot;:&quot;0&quot;,&quot;copyright&quot;:&quot;&quot;,&quot;focal_length&quot;:&quot;0&quot;,&quot;iso&quot;:&quot;0&quot;,&quot;shutter_speed&quot;:&quot;0&quot;,&quot;title&quot;:&quot;&quot;,&quot;orientation&quot;:&quot;0&quot;}\" data-image-title=\"illustration3\" data-image-description=\"\" data-medium-file=\"https:\/\/la-relache.com\/wp-content\/uploads\/2021\/06\/illustration3-768x768.jpg\" data-large-file=\"https:\/\/la-relache.com\/wp-content\/uploads\/2021\/06\/illustration3-1024x1024.jpg\" loading=\"lazy\" src=\"https:\/\/la-relache.com\/wp-content\/uploads\/2021\/06\/illustration3-1024x1024.jpg\" alt=\"\" class=\"wp-image-308\" width=\"256\" height=\"256\" srcset=\"https:\/\/la-relache.com\/wp-content\/uploads\/2021\/06\/illustration3.jpg 1024w, https:\/\/la-relache.com\/wp-content\/uploads\/2021\/06\/illustration3-768x768.jpg 768w, https:\/\/la-relache.com\/wp-content\/uploads\/2021\/06\/illustration3-300x300.jpg 300w, https:\/\/la-relache.com\/wp-content\/uploads\/2021\/06\/illustration3-600x600.jpg 600w, https:\/\/la-relache.com\/wp-content\/uploads\/2021\/06\/illustration3-150x150.jpg 150w\" sizes=\"(max-width: 256px) 100vw, 256px\" \/><\/figure><\/div>\n\n\n\n<h3 class=\"has-text-align-center has-yith-proteo-editor-custom-color-1-color has-text-color\">supervision<\/h3>\n\n\n\n<p class=\"has-text-align-center has-yith-proteo-editor-custom-color-1-color has-text-color\">rendez-vous r\u00e9gulier en duo, accompagnement sur-mesure de votre pratique individuelle et de votre \u00e9volution personnelle \u00e0 travers un travail postural, respiratoire et m\u00e9ditatif, combin\u00e9 \u00e9ventuellement aux outils du coaching et de la constellation syst\u00e9mique<\/p>\n<\/div>\n\n\n\n<div class=\"wp-block-column\" style=\"flex-basis:33.33%\">\n<div class=\"wp-block-image\"><figure class=\"aligncenter size-large is-resized\"><img data-attachment-id=\"790\" data-permalink=\"https:\/\/la-relache.com\/index.php\/yogaseance\/illustration_web\/\" data-orig-file=\"https:\/\/la-relache.com\/wp-content\/uploads\/2022\/07\/Illustration_web.jpg\" data-orig-size=\"1000,1174\" data-comments-opened=\"0\" data-image-meta=\"{&quot;aperture&quot;:&quot;0&quot;,&quot;credit&quot;:&quot;&quot;,&quot;camera&quot;:&quot;&quot;,&quot;caption&quot;:&quot;&quot;,&quot;created_timestamp&quot;:&quot;0&quot;,&quot;copyright&quot;:&quot;&quot;,&quot;focal_length&quot;:&quot;0&quot;,&quot;iso&quot;:&quot;0&quot;,&quot;shutter_speed&quot;:&quot;0&quot;,&quot;title&quot;:&quot;&quot;,&quot;orientation&quot;:&quot;0&quot;}\" data-image-title=\"Illustration_web\" data-image-description=\"\" data-medium-file=\"https:\/\/la-relache.com\/wp-content\/uploads\/2022\/07\/Illustration_web-654x768.jpg\" data-large-file=\"https:\/\/la-relache.com\/wp-content\/uploads\/2022\/07\/Illustration_web-872x1024.jpg\" loading=\"lazy\" src=\"https:\/\/la-relache.com\/wp-content\/uploads\/2022\/07\/Illustration_web-872x1024.jpg\" alt=\"\" class=\"wp-image-790\" width=\"256\" height=\"256\" srcset=\"https:\/\/la-relache.com\/wp-content\/uploads\/2022\/07\/Illustration_web-300x300.jpg 300w, https:\/\/la-relache.com\/wp-content\/uploads\/2022\/07\/Illustration_web-150x150.jpg 150w\" sizes=\"(max-width: 256px) 100vw, 256px\" \/><\/figure><\/div>\n\n\n\n<h3 class=\"has-text-align-center\">constellation syst\u00e9mique<\/h3>\n\n\n\n<p class=\"has-text-align-center\">rendez-vous individuels ou collectifs, en pr\u00e9sence ou \u00e0 distance. la constellation est un processus qui, par la repr\u00e9sentation, la sensation et l&rsquo;intuition, vous donne \u00e0 percevoir les v\u00e9cus sensibles et les dynamiques relationnelles au sein de votre environnement, permet d&rsquo;insuffler un mouvement pour que vous trouviez votre juste place, ici et maintenant<\/p>\n<\/div>\n<\/div>\n\n\n\n<div style=\"height:115px\" aria-hidden=\"true\" class=\"wp-block-spacer\"><\/div>\n\n\n\n<h2 class=\"alignwide has-text-align-center\">rendez-vous \u00e0 la une<\/h2>\n\n\n\n<div style=\"height:15px\" aria-hidden=\"true\" class=\"wp-block-spacer\"><\/div>\n\n\n\n<div class=\"wp-block-columns\">\n<div class=\"wp-block-column is-vertically-aligned-center\" style=\"flex-basis:75%\"><div class=\"wc-block-grid wp-block-product-new wc-block-product-new has-3-columns\"><ul class=\"wc-block-grid__products\"><li class=\"wc-block-grid__product\">\n\t\t\t\t<a href=\"https:\/\/la-relache.com\/index.php\/produit\/immersion-etre-vivant-e-des-attentions-etendues-du-22-au-26-iv-26\/\" class=\"wc-block-grid__product-link\">\n\t\t\t\t\t<div class=\"wc-block-grid__product-image\"><img width=\"300\" height=\"300\" src=\"https:\/\/la-relache.com\/wp-content\/uploads\/2025\/11\/image50-300x300.jpg\" class=\"attachment-woocommerce_thumbnail size-woocommerce_thumbnail\" alt=\"\" loading=\"lazy\" srcset=\"https:\/\/la-relache.com\/wp-content\/uploads\/2025\/11\/image50-300x300.jpg 300w, https:\/\/la-relache.com\/wp-content\/uploads\/2025\/11\/image50-768x768.jpg 768w, https:\/\/la-relache.com\/wp-content\/uploads\/2025\/11\/image50-1024x1024.jpg 1024w, https:\/\/la-relache.com\/wp-content\/uploads\/2025\/11\/image50-1536x1536.jpg 1536w, https:\/\/la-relache.com\/wp-content\/uploads\/2025\/11\/image50-2048x2048.jpg 2048w, https:\/\/la-relache.com\/wp-content\/uploads\/2025\/11\/image50-600x600.jpg 600w, https:\/\/la-relache.com\/wp-content\/uploads\/2025\/11\/image50-150x150.jpg 150w\" sizes=\"(max-width: 300px) 100vw, 300px\" data-attachment-id=\"1084\" data-permalink=\"https:\/\/la-relache.com\/?attachment_id=1084\" data-orig-file=\"https:\/\/la-relache.com\/wp-content\/uploads\/2025\/11\/image50-scaled.jpg\" data-orig-size=\"2560,2560\" data-comments-opened=\"0\" data-image-meta=\"{&quot;aperture&quot;:&quot;0&quot;,&quot;credit&quot;:&quot;&quot;,&quot;camera&quot;:&quot;&quot;,&quot;caption&quot;:&quot;&quot;,&quot;created_timestamp&quot;:&quot;0&quot;,&quot;copyright&quot;:&quot;&quot;,&quot;focal_length&quot;:&quot;0&quot;,&quot;iso&quot;:&quot;0&quot;,&quot;shutter_speed&quot;:&quot;0&quot;,&quot;title&quot;:&quot;&quot;,&quot;orientation&quot;:&quot;0&quot;}\" data-image-title=\"image50\" data-image-description=\"\" data-medium-file=\"https:\/\/la-relache.com\/wp-content\/uploads\/2025\/11\/image50-768x768.jpg\" data-large-file=\"https:\/\/la-relache.com\/wp-content\/uploads\/2025\/11\/image50-1024x1024.jpg\" \/><\/div>\n\t\t\t\t\t<div class=\"wc-block-grid__product-title\">immersion \u00eatre vivant\u00b7e : des attentions \u00e9tendues &#8211; du 22 au 26.IV.26<\/div>\n\t\t\t\t<\/a>\n\t\t\t\t\n\t\t\t\t\n\t\t\t\t\n\t\t\t\t\n\t\t\t<\/li><li class=\"wc-block-grid__product\">\n\t\t\t\t<a href=\"https:\/\/la-relache.com\/index.php\/produit\/immersion-etre-vivant-e-vulnerable-et-robuste-du-16-au-20-iv-25\/\" class=\"wc-block-grid__product-link\">\n\t\t\t\t\t<div class=\"wc-block-grid__product-image\"><img width=\"300\" height=\"300\" src=\"https:\/\/la-relache.com\/wp-content\/uploads\/2024\/11\/image39-1-300x300.jpg\" class=\"attachment-woocommerce_thumbnail size-woocommerce_thumbnail\" alt=\"\" loading=\"lazy\" srcset=\"https:\/\/la-relache.com\/wp-content\/uploads\/2024\/11\/image39-1-300x300.jpg 300w, https:\/\/la-relache.com\/wp-content\/uploads\/2024\/11\/image39-1-768x768.jpg 768w, https:\/\/la-relache.com\/wp-content\/uploads\/2024\/11\/image39-1-1024x1024.jpg 1024w, https:\/\/la-relache.com\/wp-content\/uploads\/2024\/11\/image39-1-1536x1536.jpg 1536w, https:\/\/la-relache.com\/wp-content\/uploads\/2024\/11\/image39-1-2048x2048.jpg 2048w, https:\/\/la-relache.com\/wp-content\/uploads\/2024\/11\/image39-1-600x600.jpg 600w, https:\/\/la-relache.com\/wp-content\/uploads\/2024\/11\/image39-1-150x150.jpg 150w\" sizes=\"(max-width: 300px) 100vw, 300px\" data-attachment-id=\"1047\" data-permalink=\"https:\/\/la-relache.com\/?attachment_id=1047\" data-orig-file=\"https:\/\/la-relache.com\/wp-content\/uploads\/2024\/11\/image39-1-scaled.jpg\" data-orig-size=\"2560,2560\" data-comments-opened=\"0\" data-image-meta=\"{&quot;aperture&quot;:&quot;0&quot;,&quot;credit&quot;:&quot;&quot;,&quot;camera&quot;:&quot;&quot;,&quot;caption&quot;:&quot;&quot;,&quot;created_timestamp&quot;:&quot;0&quot;,&quot;copyright&quot;:&quot;&quot;,&quot;focal_length&quot;:&quot;0&quot;,&quot;iso&quot;:&quot;0&quot;,&quot;shutter_speed&quot;:&quot;0&quot;,&quot;title&quot;:&quot;&quot;,&quot;orientation&quot;:&quot;0&quot;}\" data-image-title=\"image39\" data-image-description=\"\" data-medium-file=\"https:\/\/la-relache.com\/wp-content\/uploads\/2024\/11\/image39-1-768x768.jpg\" data-large-file=\"https:\/\/la-relache.com\/wp-content\/uploads\/2024\/11\/image39-1-1024x1024.jpg\" \/><\/div>\n\t\t\t\t\t<div class=\"wc-block-grid__product-title\">immersion \u00eatre vivant\u00b7e : vuln\u00e9rable et robuste &#8211; du 16 au 20.IV.25<\/div>\n\t\t\t\t<\/a>\n\t\t\t\t\n\t\t\t\t\n\t\t\t\t\n\t\t\t\t\n\t\t\t<\/li><li class=\"wc-block-grid__product\">\n\t\t\t\t<a href=\"https:\/\/la-relache.com\/index.php\/produit\/atelier-yoga-fondements-et-approfondissements-samedi-22-ix-24\/\" class=\"wc-block-grid__product-link\">\n\t\t\t\t\t<div class=\"wc-block-grid__product-image\"><img width=\"300\" height=\"300\" src=\"https:\/\/la-relache.com\/wp-content\/uploads\/2021\/06\/meditation-respiration-300x300.jpg\" class=\"attachment-woocommerce_thumbnail size-woocommerce_thumbnail\" alt=\"\" loading=\"lazy\" srcset=\"https:\/\/la-relache.com\/wp-content\/uploads\/2021\/06\/meditation-respiration-300x300.jpg 300w, https:\/\/la-relache.com\/wp-content\/uploads\/2021\/06\/meditation-respiration-768x768.jpg 768w, https:\/\/la-relache.com\/wp-content\/uploads\/2021\/06\/meditation-respiration-1024x1024.jpg 1024w, https:\/\/la-relache.com\/wp-content\/uploads\/2021\/06\/meditation-respiration-1536x1536.jpg 1536w, https:\/\/la-relache.com\/wp-content\/uploads\/2021\/06\/meditation-respiration.jpg 2048w, https:\/\/la-relache.com\/wp-content\/uploads\/2021\/06\/meditation-respiration-600x600.jpg 600w, https:\/\/la-relache.com\/wp-content\/uploads\/2021\/06\/meditation-respiration-150x150.jpg 150w\" sizes=\"(max-width: 300px) 100vw, 300px\" data-attachment-id=\"437\" data-permalink=\"https:\/\/la-relache.com\/meditation-respiration\/\" data-orig-file=\"https:\/\/la-relache.com\/wp-content\/uploads\/2021\/06\/meditation-respiration.jpg\" data-orig-size=\"2048,2048\" data-comments-opened=\"0\" data-image-meta=\"{&quot;aperture&quot;:&quot;0&quot;,&quot;credit&quot;:&quot;&quot;,&quot;camera&quot;:&quot;&quot;,&quot;caption&quot;:&quot;&quot;,&quot;created_timestamp&quot;:&quot;0&quot;,&quot;copyright&quot;:&quot;&quot;,&quot;focal_length&quot;:&quot;0&quot;,&quot;iso&quot;:&quot;0&quot;,&quot;shutter_speed&quot;:&quot;0&quot;,&quot;title&quot;:&quot;&quot;,&quot;orientation&quot;:&quot;0&quot;}\" data-image-title=\"meditation-respiration\" data-image-description=\"\" data-medium-file=\"https:\/\/la-relache.com\/wp-content\/uploads\/2021\/06\/meditation-respiration-768x768.jpg\" data-large-file=\"https:\/\/la-relache.com\/wp-content\/uploads\/2021\/06\/meditation-respiration-1024x1024.jpg\" \/><\/div>\n\t\t\t\t\t<div class=\"wc-block-grid__product-title\">atelier yoga : fondements et approfondissements &#8211; dimanche 22.IX.24<\/div>\n\t\t\t\t<\/a>\n\t\t\t\t\n\t\t\t\t\n\t\t\t\t\n\t\t\t\t\n\t\t\t<\/li><\/ul><\/div><\/div>\n\n\n\n<div class=\"wp-block-column is-vertically-aligned-center\" style=\"flex-basis:20%\">\n<div class=\"wp-block-buttons aligncenter\">\n<div class=\"wp-block-button is-style-fill\"><a class=\"wp-block-button__link has-yith-proteo-editor-custom-color-1-background-color has-text-color has-background\" href=\"https:\/\/la-relache.com\/index.php\/seances-en-ligne\/\" style=\"border-radius:50px;color:#ffffff\"><strong><span class=\"uppercase\">  + <\/span> <\/strong><\/a><\/div>\n<\/div>\n<\/div>\n<\/div>\n\n\n\n<div style=\"height:70px\" aria-hidden=\"true\" class=\"wp-block-spacer\"><\/div>\n\n\n\n<hr class=\"wp-block-separator has-text-color has-background has-yith-proteo-editor-custom-color-1-background-color has-yith-proteo-editor-custom-color-1-color is-style-wide\"\/>\n\n\n\n<div style=\"height:70px\" aria-hidden=\"true\" class=\"wp-block-spacer\"><\/div>\n\n\n\n<div class=\"wp-block-columns\">\n<div class=\"wp-block-column is-vertically-aligned-center\">\n<div class=\"wp-block-image\"><figure class=\"aligncenter size-large is-resized\"><img data-attachment-id=\"313\" data-permalink=\"https:\/\/la-relache.com\/web-logo_3\/\" data-orig-file=\"https:\/\/la-relache.com\/wp-content\/uploads\/2021\/06\/web-Logo_3.png\" data-orig-size=\"1024,1024\" data-comments-opened=\"0\" data-image-meta=\"{&quot;aperture&quot;:&quot;0&quot;,&quot;credit&quot;:&quot;&quot;,&quot;camera&quot;:&quot;&quot;,&quot;caption&quot;:&quot;&quot;,&quot;created_timestamp&quot;:&quot;0&quot;,&quot;copyright&quot;:&quot;&quot;,&quot;focal_length&quot;:&quot;0&quot;,&quot;iso&quot;:&quot;0&quot;,&quot;shutter_speed&quot;:&quot;0&quot;,&quot;title&quot;:&quot;&quot;,&quot;orientation&quot;:&quot;0&quot;}\" data-image-title=\"web-Logo_3\" data-image-description=\"\" data-medium-file=\"https:\/\/la-relache.com\/wp-content\/uploads\/2021\/06\/web-Logo_3-768x768.png\" data-large-file=\"https:\/\/la-relache.com\/wp-content\/uploads\/2021\/06\/web-Logo_3-1024x1024.png\" loading=\"lazy\" src=\"https:\/\/la-relache.com\/wp-content\/uploads\/2021\/06\/web-Logo_3-1024x1024.png\" alt=\"\" class=\"wp-image-313\" width=\"298\" height=\"298\" srcset=\"https:\/\/la-relache.com\/wp-content\/uploads\/2021\/06\/web-Logo_3.png 1024w, https:\/\/la-relache.com\/wp-content\/uploads\/2021\/06\/web-Logo_3-768x768.png 768w, https:\/\/la-relache.com\/wp-content\/uploads\/2021\/06\/web-Logo_3-300x300.png 300w, https:\/\/la-relache.com\/wp-content\/uploads\/2021\/06\/web-Logo_3-600x600.png 600w, https:\/\/la-relache.com\/wp-content\/uploads\/2021\/06\/web-Logo_3-150x150.png 150w\" sizes=\"(max-width: 298px) 100vw, 298px\" \/><\/figure><\/div>\n<\/div>\n\n\n\n<div class=\"wp-block-column is-vertically-aligned-center\">\n<p class=\"has-text-color\" style=\"color:#767676\"><strong>la rel\u00e2che est une association loi 1901 \u00e0 but non lucratif<\/strong> dont l\u2019objet est la transmission d\u2019un savoir et d\u2019une pratique li\u00e9s \u00e0 la connaissance de soi, \u00e0 travers l\u2019enseignement du yoga et toute autre technique physique, psychique, \u00e9nerg\u00e9tique associ\u00e9es.<\/p>\n\n\n\n<div class=\"wp-block-buttons\">\n<div class=\"wp-block-button is-style-fill\"><a class=\"wp-block-button__link has-yith-proteo-editor-custom-color-1-background-color has-background\">adh\u00e9rer<\/a><\/div>\n<\/div>\n<\/div>\n<\/div>\n\n\n\n<p><\/p>\n","protected":false},"excerpt":{"rendered":"<p>pratiques yoga s\u00e9ances collectives hebdomadaires de hatha yoga, pranayama et relaxation\/m\u00e9ditation en salle (\u00e0 Indre, \u00e0 deux pas de Nantes) ou en ligne, ateliers et s\u00e9jours ponctuels, cycles hebdomadaires ou th\u00e9matiques, s\u00e9ances en petit groupe \u00e0 domicile sur demande supervision rendez-vous r\u00e9gulier en duo, accompagnement sur-mesure de votre pratique individuelle et de votre \u00e9volution personnelle<a class=\"more-link\" href=\"https:\/\/la-relache.com\/\">en lire plus \u27f6<\/a><\/p>\n","protected":false},"author":1,"featured_media":0,"parent":0,"menu_order":0,"comment_status":"closed","ping_status":"closed","template":"","meta":{"_editorskit_title_hidden":false,"_editorskit_reading_time":1,"spay_email":""},"jetpack_sharing_enabled":true,"_links":{"self":[{"href":"https:\/\/la-relache.com\/index.php\/wp-json\/wp\/v2\/pages\/57"}],"collection":[{"href":"https:\/\/la-relache.com\/index.php\/wp-json\/wp\/v2\/pages"}],"about":[{"href":"https:\/\/la-relache.com\/index.php\/wp-json\/wp\/v2\/types\/page"}],"author":[{"embeddable":true,"href":"https:\/\/la-relache.com\/index.php\/wp-json\/wp\/v2\/users\/1"}],"replies":[{"embeddable":true,"href":"https:\/\/la-relache.com\/index.php\/wp-json\/wp\/v2\/comments?post=57"}],"version-history":[{"count":104,"href":"https:\/\/la-relache.com\/index.php\/wp-json\/wp\/v2\/pages\/57\/revisions"}],"predecessor-version":[{"id":1101,"href":"https:\/\/la-relache.com\/index.php\/wp-json\/wp\/v2\/pages\/57\/revisions\/1101"}],"wp:attachment":[{"href":"https:\/\/la-relache.com\/index.php\/wp-json\/wp\/v2\/media?parent=57"}],"curies":[{"name":"wp","href":"https:\/\/api.w.org\/{rel}","templated":true}]}}