{"id":55,"date":"2021-01-21T11:22:59","date_gmt":"2021-01-21T10:22:59","guid":{"rendered":"https:\/\/la-relache.com\/?page_id=55"},"modified":"2021-06-26T22:50:04","modified_gmt":"2021-06-26T20:50:04","slug":"condition-generales-de-vente","status":"publish","type":"page","link":"https:\/\/la-relache.com\/index.php\/condition-generales-de-vente\/","title":{"rendered":"condition g\u00e9n\u00e9rales de vente"},"content":{"rendered":"\n<p>Le pr\u00e9sent site, accessible \u00e0 l\u2019URL <a href=\"http:\/\/www.la\">www.la<\/a>-relache.com (le \u00ab&nbsp;Site&nbsp;\u00bb), est \u00e9dit\u00e9 et exploit\u00e9 par&nbsp;l\u2019association La Rel\u00e2che, enregistr\u00e9e aupr\u00e8s de la sous-pr\u00e9fecture de Paris sous le num\u00e9ro W751225998, repr\u00e9sent\u00e9e par M\u00e9lanie Jouen, joignable \u00e0 l\u2019adresse mail suivante <a href=\"mailto:ici@la-relache.com\">ici@la-relache.com<\/a><\/p>\n\n\n\n<h2>objet<\/h2>\n\n\n\n<p>&#8211;<\/p>\n\n\n\n<p>Les pr\u00e9sentes Conditions G\u00e9n\u00e9rales de Ventes et d\u2019Utilisation d\u00e9finissent les modalit\u00e9s qui vous permettent de b\u00e9n\u00e9ficier des services et produits offerts par l\u2019association La Rel\u00e2che. Avant toute inscription l\u2019utilisateur doit lire, accepter et se conformer aux pr\u00e9sentes Conditions G\u00e9n\u00e9rales qui remplacent tout accord ou document contractuel ant\u00e9rieur pouvant lier l\u2019Utilisateur et l\u2019association La Rel\u00e2che.<\/p>\n\n\n\n<h2>modification des Conditions G\u00e9n\u00e9rales de Vente<\/h2>\n\n\n\n<p>&#8211;<\/p>\n\n\n\n<p>Les Conditions G\u00e9n\u00e9rales sont disponibles en permanence sur le Site. L\u2019association La Rel\u00e2che se r\u00e9servant le droit de modifier les pr\u00e9sentes \u00e0 tout moment. Les modifications sont effectives imm\u00e9diatement apr\u00e8s avoir \u00e9t\u00e9 mises en ligne.<\/p>\n\n\n\n<h2>description de l\u2019offre<\/h2>\n\n\n\n<p>&#8211;<\/p>\n\n\n\n<p>Les services et produits offerts par l\u2019association La Rel\u00e2che consistent dans la fourniture d\u2019une licence d\u2019utilisation non-exclusive pour des s\u00e9ances, des ateliers de yoga et des conf\u00e9rences en direct sur internet et des vid\u00e9os de ces s\u00e9ances et ateliers en replay sur le site ou \u00e0 t\u00e9l\u00e9charger, pour la pratique du yoga \u00e0 domicile pour les particuliers dans un cadre strictement priv\u00e9 (ci-apr\u00e8s d\u00e9nomm\u00e9 \u00ab Produit \u00bb).<\/p>\n\n\n\n<h2>conditions d\u2019acc\u00e8s \u00e0 nos services<\/h2>\n\n\n\n<p>&#8211;<\/p>\n\n\n\n<p>Pour pouvoir b\u00e9n\u00e9ficier des services et produits propos\u00e9s par l\u2019association La Rel\u00e2che, vous devez aller sur le site internet <a href=\"http:\/\/www.la-relache.com\">www.la-relache.com<\/a> cr\u00e9er votre espace client et reconna\u00eetre, en cochant une case ou en cliquant sur le bouton pr\u00e9vu \u00e0 cet effet, avoir pris connaissances et accept\u00e9 nos CGU\/CGV.<\/p>\n\n\n\n<p>Vous d\u00e9clarez \u00eatre \u00e2g\u00e9 d\u2019au moins 18 ans et avoir la capacit\u00e9 juridique, ou \u00eatre titulaire d\u2019une autorisation parentale, vous permettant d\u2019effectuer le paiement pr\u00e9alable pour assister au cours en direct ou en replay ou s\u00e9ances sp\u00e9cifiques ou pour le t\u00e9l\u00e9chargement de produits.&nbsp;<\/p>\n\n\n\n<p>Une fois cr\u00e9\u00e9, pour y acc\u00e9der, l&rsquo;utilisateur doit s\u2019identifier en utilisant son identifiant et son mot de passe secret, personnel et confidentiel. Il appartient \u00e0 l&rsquo;utilisateur de ne pas communiquer son identifiant et son mot de passe conform\u00e9ment aux dispositions de l\u2019article Donn\u00e9es personnelles des pr\u00e9sentes Conditions G\u00e9n\u00e9rales.<\/p>\n\n\n\n<p>Chaque utilisateur s&rsquo;engage \u00e0 conserver une stricte confidentialit\u00e9 sur les donn\u00e9es, en particulier identifiant et mot de passe, lui permettant d&rsquo;acc\u00e9der \u00e0 son espace personnel, l\u2019utilisateur reconnaissant \u00eatre le seul responsable de l&rsquo;acc\u00e8s au Service par le biais de son identifiant et de son mot de passe, sauf fraude av\u00e9r\u00e9e.<\/p>\n\n\n\n<p>Chaque Utilisateur s&rsquo;engage en outre \u00e0 informer sans d\u00e9lai l\u2019association La Rel\u00e2che dans l&rsquo;hypoth\u00e8se d&rsquo;une perte, d&rsquo;un d\u00e9tournement ou de l&rsquo;utilisation frauduleuse de son identifiant et\/ou mot de passe.<\/p>\n\n\n\n<p>Apr\u00e8s la cr\u00e9ation de son espace personnel, l&rsquo;utilisateur recevra un email lui confirmant la cr\u00e9ation de son espace client.&nbsp;<\/p>\n\n\n\n<p>L\u2019Utilisateur reconna\u00eet avoir \u00e9t\u00e9 inform\u00e9 que le Site est accessible 24 heures sur 24 et 7 jours sur 7, \u00e0 l\u2019exception des cas de force majeure, difficult\u00e9s informatiques, difficult\u00e9s li\u00e9es \u00e0 la structure des r\u00e9seaux de communications ou difficult\u00e9s techniques.<\/p>\n\n\n\n<p>L\u2019utilisateur est responsable de la conformit\u00e9 des renseignements fournis \u00e0 l\u2019association La Rel\u00e2che lors de la commande, notamment ses coordonn\u00e9es de facturation et son adresse email. L\u2019association La Rel\u00e2che ne pourra \u00eatre tenue responsable d\u2019\u00e9ventuelles erreurs de saisie et des dommages \u00e9ventuels susceptibles d\u2019en d\u00e9couler. L\u2019association La Rel\u00e2che se r\u00e9serve le droit, \u00e0 tout moment, de modifier, d\u2019interrompre temporairement ou de mani\u00e8re permanente tout ou partie de son contenu et de ses services, notamment pour des raisons de maintenance et de mise \u00e0 niveau, ou pour toutes autres raisons, et ce sans \u00e0 avoir \u00e0 vous en informer pr\u00e9alablement. L\u2019association La Rel\u00e2che ne pourra \u00eatre tenu responsable \u00e0 votre encontre ou \u00e0 l\u2019encontre de tout tiers pour toute modification, suspension ou interruption de ses services et des cons\u00e9quences qui peuvent en d\u00e9couler.<\/p>\n\n\n\n<h2>exclusion de toute responsabilit\u00e9<\/h2>\n\n\n\n<p>&#8211;<\/p>\n\n\n\n<p>L\u2019utilisateur reconna\u00eet \u00eatre conscient(e) que les activit\u00e9s physiques propos\u00e9es par l\u2019association La Rel\u00e2che via le site internet <a href=\"http:\/\/www.la\">www.la<\/a>-relache.com n\u00e9cessitent d\u2019\u00eatre en bonne condition physique.&nbsp;<\/p>\n\n\n\n<p>L\u2019association La Rel\u00e2che recommande fortement \u00e0 l\u2019Utilisateur de consulter son m\u00e9decin en vue d\u2019obtenir un certificat d\u2019aptitude \u00e0 la pratique du Yoga. L\u2019Utilisateur reconna\u00eet express\u00e9ment en avoir \u00e9t\u00e9 inform\u00e9 pr\u00e9alablement \u00e0 la consommation du Service. Toutes informations, conseils et\/ou r\u00e9sultats autres ne pr\u00e9tendent en aucun cas constituer ou remplacer un avis m\u00e9dical.<\/p>\n\n\n\n<p>L&rsquo;utilisateur se reconna\u00eet responsable de toutes les cons\u00e9quences et de tous les risques qui pourraient \u00eatre li\u00e9s, soit directement, soit indirectement, aux conditions de l\u2019exercice du yoga. Il s\u2019engage \u00e0 ce que ni lui, ni ses proches, ni un repr\u00e9sentant l\u00e9gal ne poursuivent l\u2019association La Rel\u00e2che ou son personnel en justice ou ne fassent une r\u00e9clamation de quelque nature qu\u2019elle soit en cas d\u2019accident corporel.<\/p>\n\n\n\n<p>Toutes informations, conseils et\/ou r\u00e9sultats autres ne pr\u00e9tendent en aucun cas constituer ou remplacer un avis m\u00e9dical. Il est pr\u00e9cis\u00e9 que les diff\u00e9rentes contre-indications r\u00e9f\u00e9renc\u00e9es sur le Service ne sauraient \u00eatre consid\u00e9r\u00e9es comme exhaustives et qu\u2019en aucun cas, elles ne pourraient se substituer \u00e0 un avis m\u00e9dical. L\u2019Association Sankara ne garantit en aucun cas un r\u00e9sultat m\u00e9dical ou sportif.<\/p>\n\n\n\n<h2>tarifs<\/h2>\n\n\n\n<p>&#8211;<\/p>\n\n\n\n<p>Les tarifs des produits et service sont consultables sur notre site. Les prix affich\u00e9s sont indiqu\u00e9s en euros. Vous d\u00e9clarez avoir eu communication des conditions financi\u00e8res avant l\u2019achat d\u2019un Produit, en avoir pris connaissance et les accepter. L\u2019association La Rel\u00e2che se r\u00e9serve le droit de modifier ses prix \u00e0 tout moment mais s\u2019engage \u00e0 appliquer les tarifs en vigueur qui vous auront \u00e9t\u00e9 indiqu\u00e9s au moment de la validation de votre commande.<\/p>\n\n\n\n<h2>modalit\u00e9s de r\u00e8glement<\/h2>\n\n\n\n<p>&#8211;<\/p>\n\n\n\n<p>Le r\u00e8glement de nos services propos\u00e9s est effectu\u00e9 directement aupr\u00e8s de notre prestataire de paiement Stripe avant l\u2019acc\u00e8s au cours en direct ou en replay ou s\u00e9ance sp\u00e9cifiques ou le t\u00e9l\u00e9chargement du Produit de&nbsp;la boutique. Vos coordonn\u00e9es personnelles et les informations relatives au moyen de paiement que vous aurez choisi sont crypt\u00e9es gr\u00e2ce au protocole SSL (Secure Socket Layer) et ne transitent jamais en clair sur le r\u00e9seau. L\u2019association La Rel\u00e2che n\u2019a en aucun cas acc\u00e8s \u00e0 ces informations.<\/p>\n\n\n\n<h2>conditions g\u00e9n\u00e9rales d\u2019acc\u00e8s aux Services&nbsp;<\/h2>\n\n\n\n<p>&nbsp;&#8211;<\/p>\n\n\n\n<p>Les \u00e9quipements (hardware, software\u2026) et frais de t\u00e9l\u00e9communication permettant d\u2019acc\u00e9der aux Services restent \u00e0 la charge exclusive de l\u2019Utilisateur.&nbsp; L\u2019Utilisateur d\u00e9clare avoir v\u00e9rifi\u00e9 que sa configuration informatique et son r\u00e9seau Internet, utilis\u00e9s pour acc\u00e9der au Site, sont suffisant pour permettre de visualiser correctement les s\u00e9ances en direct, replay et rendez-vous sp\u00e9cifiques, et ne contiennent aucun virus et qu\u2019ils sont en parfait \u00e9tat de fonctionnement.<\/p>\n\n\n\n<h2>achat d\u2019un Produit et d\u2019un Service<\/h2>\n\n\n\n<p>&#8211;<\/p>\n\n\n\n<p>L\u2019achat d\u2019un Produit et d\u2019un Service s\u2019effectue uniquement via Internet. Les Produits sont disponibles tant qu\u2019ils sont visibles sur le site. Nous pr\u00e9sentons individuellement chaque Produit et services en d\u00e9tails. Ceci inclut un texte descriptif des diff\u00e9rentes pratiques, ses sp\u00e9cifications et contre-indications&nbsp;ou restrictions \u00e9ventuelles, mais qui ne substituent en rien un avis m\u00e9dical. Vous trouverez aussi sur le site, un document expliquant comment utiliser les Produits, fournit par l\u2019association La Rel\u00e2che. Nous vous conseillons de bien lire ce document.<\/p>\n\n\n\n<p>Apr\u00e8s avoir cr\u00e9\u00e9 votre compte personnel, pris connaissance et accept\u00e9 les pr\u00e9sentes CGV\/CGU en cochant la case \u00e0 cet effet. Si les CGV\/CGU ne sont pas accept\u00e9s, l\u2019utilisateur ne pourra cr\u00e9er de compte. L\u2019utilisateur devra ensuite choisir son moyen de paiement : CB, Visa, Mastercard.&nbsp;Apr\u00e8s avoir valid\u00e9 son paiement, sa commande sera imm\u00e9diatement disponible.<\/p>\n\n\n\n<p>Dans votre bo\u00eete mail et sur votre compte, un historique de vos commande est affich\u00e9, en cliquant sur le d\u00e9tail de votre facture vous obtenez le lien pour t\u00e9l\u00e9charger, visualiser le(s) Produit(s), les cours en directs et en replay que vous venez de commander. Vous recevez par e-mail une confirmation de votre achat.<\/p>\n\n\n\n<h2>limitation de&nbsp;garantie<\/h2>\n\n\n\n<p>&#8211;<\/p>\n\n\n\n<p>L\u2019association La Rel\u00e2che mettra tout en \u0153uvre pour apporter les moyens appropri\u00e9s \u00e0 l\u2019ex\u00e9cution de ses obligations faisant l\u2019objet du Contrat. Vous convenez express\u00e9ment que tout pr\u00e9judice commercial ou financier (tel que perte d\u2019exploitation, perte de commandes, manque \u00e0 gagner) ou toute action dirig\u00e9e par un tiers contre l\u2019association La Rel\u00e2che ne pourra donner droit \u00e0 aucune indemnisation de quelque sorte que ce soit et quelle qu\u2019en soit la cause.<\/p>\n\n\n\n<p>En tout \u00e9tat de cause, le montant total des indemnit\u00e9s que l\u2019association La Rel\u00e2che pourrait \u00eatre amen\u00e9e \u00e0 vous verser pour quelque raison que ce soit est, sous r\u00e9serve d\u2019apporter la preuve de la faute de l\u2019association La Rel\u00e2che, limit\u00e9 aux sommes effectivement per\u00e7ues ou, en cas de non-paiement, aux sommes qui auraient d\u00fb \u00eatre per\u00e7ues par l\u2019association La Rel\u00e2che, hors remboursement de frais.<\/p>\n\n\n\n<h2>annulation<\/h2>\n\n\n\n<p>&#8211;<\/p>\n\n\n\n<p>Dans l\u2019hypoth\u00e8se o\u00f9 l\u2019association de yoga Sankara serait contrainte d\u2019annuler votre licence pour quelque motif que ce soit, l\u2019association de yoga Sankara s\u2019engage \u00e0 vous avertir dans les meilleurs d\u00e9lais et proc\u00e9dera au remboursement des sommes que vous aurez vers\u00e9es, sans qu\u2019aucune indemnit\u00e9 ne puisse \u00eatre r\u00e9clam\u00e9e.<\/p>\n\n\n\n<h2>droit de r\u00e9tractation<\/h2>\n\n\n\n<p>&#8211;<\/p>\n\n\n\n<p>L\u2019achat des produits virtuels sont par nature fermes et d\u00e9finitifs, ils ne pourront donner lieu \u00e0 \u00e9change, remboursement ou \u00e0 l\u2019exercice d\u2019un droit de r\u00e9tractation.<\/p>\n\n\n\n<p>Cependant, l\u2019association La Rel\u00e2che s\u2019engage \u00e0 rembourser ou \u00e0 \u00e9changer les Produits virtuels endommag\u00e9s, comprenant des vices cach\u00e9s ou ne correspondant pas \u00e0 la description propos\u00e9e sur le Site.<\/p>\n\n\n\n<h2>conditions de remboursement<\/h2>\n\n\n\n<p>&#8211;<\/p>\n\n\n\n<p>Le remboursement des produits vis\u00e9s par l\u2019article Droit de r\u00e9tractation des pr\u00e9sentes CGV est effectu\u00e9 dans un d\u00e9lai maximum de 30 jours suivant la date \u00e0 laquelle le droit a \u00e9t\u00e9 exerc\u00e9.<\/p>\n\n\n\n<p>Toutefois celui-ci ne pourra s\u2019effectuer qu\u2019apr\u00e8s que l\u2019association La Rel\u00e2che aura re\u00e7u par lettre recommand\u00e9e avec accus\u00e9 de r\u00e9ception, les raisons de ce remboursement,&nbsp;\u00e0 l\u2019adresse suivante :<\/p>\n\n\n\n<p>association La Rel\u00e2che<br>2 rue Marcel Sembat<br>44610 Indre<\/p>\n\n\n\n<p><a href=\"http:\/\/www.la-relache.com\">www.la-relache.com<\/a> se r\u00e9serve le droit unique de rembourser ou non et au cas par cas.<\/p>\n\n\n\n<h2>conditions de t\u00e9l\u00e9chargement et de visionnages des s\u00e9ances en direct, replay et s\u00e9ances sp\u00e9cifiques<\/h2>\n\n\n\n<p>&#8211;<\/p>\n\n\n\n<p>Apr\u00e8s la validation de votre paiement, vous recevez un email de confirmation de votre achat, vous indiquant comment acc\u00e9der aux s\u00e9ances en direct ou en replay et aux rendez-vous sp\u00e9cifiques.<\/p>\n\n\n\n<p>Les s\u00e9ances en direct, replay et rendez-vous sp\u00e9cifiques, quelle que soit leur pr\u00e9sentation ou d\u00e9nomination, sont consid\u00e9r\u00e9s comme des \u0153uvres de l\u2019esprit et \u00e0 ce titre demeurent l\u2019enti\u00e8re propri\u00e9t\u00e9 de l\u2019association La Rel\u00e2che et de ses Partenaires. Seul un droit d\u2019utilisation personnel et non exclusif tel que d\u00e9crit dans les pr\u00e9sentes est conc\u00e9d\u00e9 \u00e0 l\u2019Acheteur contre une r\u00e9mun\u00e9ration forfaitairement incluse dans le prix pay\u00e9 par l\u2019Acheteur.<\/p>\n\n\n\n<p>Contrairement au code de la Propri\u00e9t\u00e9 Intellectuelle, cette licence d\u2019utilisation est accord\u00e9e au sens le plus strict \u00e0 l\u2019Acheteur qui ne peut, en aucun cas, copier, reproduire, repr\u00e9senter, diffuser, modifier, adapter, traduire, transcrire dans un autre langage tout ou partie des Pratiques : textes du site, articles, s\u00e9ances en direct, en replay, par n\u2019importe quel moyen et sous n\u2019importe quelle forme.<\/p>\n\n\n\n<p>L\u2019achat d\u2019un Produit ne donne droit qu\u2019\u00e0 une licence d\u2019utilisation personnelle, incessible et limit\u00e9e \u00e0 un seul utilisateur. Si vous devez utiliser le m\u00eame Produit pour des cours collectifs et\/ou cours de yoga payant, vous devez acqu\u00e9rir une licence professionnelle et accord \u00e9crit de notre part.<\/p>\n\n\n\n<p>Si vous souhaitez redistribuer nos Produits, vous pouvez prendre contact avec nous, via notre formulaire. Il est interdit de redistribuer le(s) pratique(s), que ce soit gratuitement ou contre paiement, sauf accord \u00e9crit de notre part.<\/p>\n\n\n\n<p>L\u2019achat de cette licence, ne vous autorise pas \u00e0 modifier ou \u00e0 supprimer le copyright pr\u00e9sent sur la Pratique et qui doit \u00eatre pr\u00e9sent en bas de tous les produits.<\/p>\n\n\n\n<p>A d\u00e9faut vous vous exposez \u00e0 ce qu\u2019une action en contrefa\u00e7on soit intent\u00e9e \u00e0 votre encontre puisque toute repr\u00e9sentation, reproduction ou diffusion d\u2019une \u0153uvre de l\u2019esprit, en violation des droits de l\u2019auteur et de la licence qui vous est conf\u00e9r\u00e9e, constitue un acte de contrefa\u00e7on.<\/p>\n\n\n\n<h2>responsabilit\u00e9s<\/h2>\n\n\n\n<p>&#8211;<\/p>\n\n\n\n<p>L\u2019objet de l\u2019association La Rel\u00e2che consiste en la seule fourniture d\u2019outils pour votre pratique personnelle, en cons\u00e9quence, le Client est seul responsable de l\u2019usage des donn\u00e9es qui seront visionn\u00e9es. Il est averti que toute reproduction d\u2019une \u0153uvre de l\u2019esprit quelle qu\u2019en soit la nature, ayant pour effet de la rendre accessible sur Internet sans les autorisations n\u00e9cessaires, est susceptible de constituer une violation des droits de propri\u00e9t\u00e9 intellectuelle d\u2019un tiers et d\u2019engager sa responsabilit\u00e9 personnelle devant les tribunaux civils ou r\u00e9pressifs.<\/p>\n\n\n\n<p>Cela inclut par exemple le respect des droits d\u2019auteur, la proscription de documents \u00e0 caract\u00e8re obsc\u00e8ne et\/ou contraire \u00e0 l\u2019ordre public, les documents \u00e0 caract\u00e8re raciste, portant atteinte \u00e0 la dignit\u00e9 humaine, contraires aux bonnes m\u0153urs et ce de mani\u00e8re \u00e0 ce que la responsabilit\u00e9 de l\u2019association La Rel\u00e2che ne puisse en aucun cas \u00eatre recherch\u00e9e.<\/p>\n\n\n\n<p>L\u2019association La Rel\u00e2che ne saurait \u00eatre tenu pour responsable des dysfonctionnements de son site dus \u00e0 l\u2019h\u00e9bergeur du site, \u00e0 son fournisseur d\u2019acc\u00e8s, ou \u00e0 un probl\u00e8me technique et entra\u00eenant notamment l\u2019annulation du t\u00e9l\u00e9chargement d\u2019un Produit ou l\u2019impossibilit\u00e9 d\u2019acc\u00e9der au site <a href=\"http:\/\/www.la\">www.la<\/a>-relache.com<\/p>\n\n\n\n<p>Dans ce cas prenez contact avec nous, pour que celui-ci puisse trouver une solution \u00e0 votre probl\u00e8me. Les produits propos\u00e9s sont conformes \u00e0 la l\u00e9gislation fran\u00e7aise en vigueur. Les photographies et les textes reproduits et illustrant les produits pr\u00e9sent\u00e9s ne sont pas contractuels. En cons\u00e9quence, la responsabilit\u00e9 de l\u2019association La Rel\u00e2che ne saurait \u00eatre engag\u00e9e en cas d\u2019erreur dans l\u2019une de ces photographies ou l\u2019un de ces textes.<\/p>\n\n\n\n<p>Si, en d\u00e9pit de notre vigilance, les Produits \u00e9taient indisponibles ou incomplets alors que votre t\u00e9l\u00e9chargement a pu \u00eatre effectu\u00e9, l\u2019association La Rel\u00e2che vous aidera dans les meilleurs d\u00e9lais. Il vous suffit de nous contacter \u00e0 l\u2019adresse <a href=\"mailto:ici@la-relache.com\">ici@la-relache.com<\/a>.<\/p>\n\n\n\n<p>Des liens hypertextes peuvent renvoyer vers d\u2019autres sites que le pr\u00e9sent. L\u2019association La Rel\u00e2che se d\u00e9gage toute responsabilit\u00e9 dans le cas o\u00f9 le contenu de ces sites contreviendrait aux dispositions l\u00e9gales et r\u00e9glementaires en vigueur.<\/p>\n\n\n\n<h2>informations l\u00e9gales \u2013 Protection des donn\u00e9es \u00e0 caract\u00e8re personnel \u2013 R\u00e8gles de confidentialit\u00e9<\/h2>\n\n\n\n<p>&#8211;<\/p>\n\n\n\n<p>Le renseignement des informations nominatives collect\u00e9es dans le cadre de la vente \u00e0 distance est obligatoire, ces informations \u00e9tant n\u00e9cessaires pour le traitement et la livraison des commandes ainsi que pour l\u2019\u00e9tablissement des factures.<\/p>\n\n\n\n<p>Ces informations sont strictement confidentielles. Le d\u00e9faut de renseignement implique le rejet automatique de la commande.<\/p>\n\n\n\n<p>Conform\u00e9ment aux articles 38 et suivants de la Loi Informatique et Libert\u00e9 n\u00b0 78-17 du 6 janvier 1978, le Client dispose d\u2019un droit d\u2019acc\u00e8s, de modification, de rectification et de suppression des donn\u00e9es nominatives le concernant. Si vous vous opposez \u00e0 ce que vos donn\u00e9es \u00e0 caract\u00e8re personnel fassent l\u2019objet d\u2019un traitement par l\u2019association La Rel\u00e2che, vous ne pourrez pas acheter des produits sur le Site.<\/p>\n\n\n\n<p>L\u2019association La Rel\u00e2che s\u2019engage \u00e0 ne pas divulguer les informations personnelles du Client \u00e0 des tiers, \u00e0 des fins commerciales. N\u00e9anmoins, le Client admet que l\u2019association La Rel\u00e2che peut-\u00eatre amen\u00e9e \u00e0 r\u00e9v\u00e9ler des informations personnelles dans le cadre de proc\u00e9dures l\u00e9gales (mandats de perquisitions, assignation \u00e0 compara\u00eetre, etc.\u2026).<\/p>\n\n\n\n<h2>droit applicable \u2013 r\u00e8glement des litiges<\/h2>\n\n\n\n<p>&#8211;<\/p>\n\n\n\n<p>Les pr\u00e9sentes conditions g\u00e9n\u00e9rales de vente et les relations contractuelles entre le Vendeur et l\u2019Acheteur sont soumises \u00e0 la loi fran\u00e7aise. Tout litige relatif aux prestations de l\u2019association La Rel\u00e2che couvertes par ces conditions g\u00e9n\u00e9rales, et apr\u00e8s une tentative d\u2019une recherche de solution amiable, rel\u00e8vera de la comp\u00e9tence exclusive du Tribunal de Commerce de Paris (France). La nullit\u00e9 d\u2019une clause de ces CGV n\u2019entra\u00eene pas la nullit\u00e9 de l\u2019ensemble de ces CGV.<\/p>\n\n\n\n<h2>propri\u00e9t\u00e9 intellectuelle<\/h2>\n\n\n\n<p>&#8211;<\/p>\n\n\n\n<p>Le site <a href=\"http:\/\/www.la-relache.com\">www.la-relache.com<\/a> est une \u0153uvre prot\u00e9g\u00e9e au sens du Code de la Propri\u00e9t\u00e9 Intellectuelle sur laquelle l\u2019association La Rel\u00e2che d\u00e9tient la totalit\u00e9 des droits et, notamment, les marques de fabrique, logos, graphismes, photographies ainsi que tout autre type de donn\u00e9es figurant sur le site.<\/p>\n\n\n\n<p>La reproduction de tout document publi\u00e9 sur le site est seulement autoris\u00e9e aux fins exclusives d\u2019information pour un usage personnel et priv\u00e9, toute reproduction et toute utilisation de copies r\u00e9alis\u00e9es \u00e0 d\u2019autres fins \u00e9tant express\u00e9ment interdites.<\/p>\n\n\n\n<p>Toute extraction du contenu du site <a href=\"http:\/\/www.la-relache.com\">www.la-relache.com<\/a> requiert le consentement pr\u00e9alable de l\u2019association La Rel\u00e2che, sous peine de constituer un acte de contrefa\u00e7on.<\/p>\n","protected":false},"excerpt":{"rendered":"<p>Le pr\u00e9sent site, accessible \u00e0 l\u2019URL www.la-relache.com (le \u00ab&nbsp;Site&nbsp;\u00bb), est \u00e9dit\u00e9 et exploit\u00e9 par&nbsp;l\u2019association La Rel\u00e2che, enregistr\u00e9e aupr\u00e8s de la sous-pr\u00e9fecture de Paris sous le num\u00e9ro W751225998, repr\u00e9sent\u00e9e par M\u00e9lanie Jouen, joignable \u00e0 l\u2019adresse mail suivante ici@la-relache.com objet &#8211; Les pr\u00e9sentes Conditions G\u00e9n\u00e9rales de Ventes et d\u2019Utilisation d\u00e9finissent les modalit\u00e9s qui vous permettent de b\u00e9n\u00e9ficier<a class=\"more-link\" href=\"https:\/\/la-relache.com\/index.php\/condition-generales-de-vente\/\">en lire plus \u27f6<\/a><\/p>\n","protected":false},"author":1,"featured_media":0,"parent":0,"menu_order":0,"comment_status":"closed","ping_status":"closed","template":"","meta":{"_editorskit_title_hidden":false,"_editorskit_reading_time":9,"spay_email":""},"jetpack_sharing_enabled":true,"_links":{"self":[{"href":"https:\/\/la-relache.com\/index.php\/wp-json\/wp\/v2\/pages\/55"}],"collection":[{"href":"https:\/\/la-relache.com\/index.php\/wp-json\/wp\/v2\/pages"}],"about":[{"href":"https:\/\/la-relache.com\/index.php\/wp-json\/wp\/v2\/types\/page"}],"author":[{"embeddable":true,"href":"https:\/\/la-relache.com\/index.php\/wp-json\/wp\/v2\/users\/1"}],"replies":[{"embeddable":true,"href":"https:\/\/la-relache.com\/index.php\/wp-json\/wp\/v2\/comments?post=55"}],"version-history":[{"count":4,"href":"https:\/\/la-relache.com\/index.php\/wp-json\/wp\/v2\/pages\/55\/revisions"}],"predecessor-version":[{"id":510,"href":"https:\/\/la-relache.com\/index.php\/wp-json\/wp\/v2\/pages\/55\/revisions\/510"}],"wp:attachment":[{"href":"https:\/\/la-relache.com\/index.php\/wp-json\/wp\/v2\/media?parent=55"}],"curies":[{"name":"wp","href":"https:\/\/api.w.org\/{rel}","templated":true}]}}