{"id":3,"date":"2021-01-19T13:42:33","date_gmt":"2021-01-19T12:42:33","guid":{"rendered":"http:\/\/la-relache.com\/?page_id=3"},"modified":"2021-08-31T11:49:44","modified_gmt":"2021-08-31T09:49:44","slug":"politique-de-confidentialite","status":"publish","type":"page","link":"https:\/\/la-relache.com\/index.php\/politique-de-confidentialite\/","title":{"rendered":"politique de confidentialit\u00e9"},"content":{"rendered":"\n<h2>qui sommes-nous&nbsp;?<\/h2>\n\n\n\n<p>L\u2019adresse de notre site Web est\u00a0: https:\/\/la-relache.com<\/p>\n\n\n\n<h2>utilisation des donn\u00e9es personnelles collect\u00e9es<\/h2>\n\n\n\n<h3>ce que nous collectons et stockons<\/h3>\n\n\n\n<p>Pendant votre visite du site, nous suivons&nbsp;:<\/p>\n\n\n\n<ul><li>Produits que vous avez vu&nbsp;: nous les utilisons pour, par exemple, afficher des produits que vous avez r\u00e9cemment vu<\/li><li>Localisation, adresse IP et type de navigateur&nbsp;: nous les utilisons pour l\u2018estimation des taxes et frais de port<\/li><li>Adresse de livraison&nbsp;: nous vous demanderons de la saisir pour estimer les frais d\u2019exp\u00e9dition avant que vous passiez commande, et pour vous envoyer la commande&nbsp;!<\/li><\/ul>\n\n\n\n<p>Nous utilisons des cookies pour suivre les contenus du panier pendant que vous naviguez sur notre site.<\/p>\n\n\n\n<h3>cookies<\/h3>\n\n\n\n<p>Si vous vous rendez sur la page de connexion, un cookie temporaire sera cr\u00e9\u00e9 afin de d\u00e9terminer si votre navigateur accepte les cookies. Il ne contient pas de donn\u00e9es personnelles et sera supprim\u00e9 automatiquement \u00e0 la fermeture de votre navigateur.<\/p>\n\n\n\n<p>Lorsque vous vous connecterez, nous mettrons en place un certain nombre de cookies pour enregistrer vos informations de connexion et vos pr\u00e9f\u00e9rences d\u2019\u00e9cran. La dur\u00e9e de vie d\u2019un cookie de connexion est de deux jours, celle d\u2019un cookie d\u2019option d\u2019\u00e9cran est d\u2019un an. Si vous cochez \u00ab&nbsp;Se souvenir de moi&nbsp;\u00bb, votre cookie de connexion sera conserv\u00e9 pendant deux semaines. Si vous vous d\u00e9connectez de votre compte, le cookie de connexion sera effac\u00e9.<\/p>\n\n\n\n<p>Quand vous achetez sur notre site web, nous vous demanderons de fournir des informations incluant votre nom, adresse de facturation, adresse de livraison, adresse de messagerie, num\u00e9ro de t\u00e9l\u00e9phone, donn\u00e9es de paiement \/ carte bancaire et \u00e9ventuellement les donn\u00e9es du compte tel que l\u2019identifiant et le mot de passe. Ces informations seront utilis\u00e9es pour&nbsp;:<\/p>\n\n\n\n<ul><li>Envoie de l\u2019information \u00e0 propos de votre compte et commande<\/li><li>R\u00e9pondre aux demandes, incluant les remboursements et plaintes<\/li><li>Traitement des paiements et pr\u00e9vention de la fraude<\/li><li>Configurez votre compte pour notre boutique<\/li><li>Se conformer avec toute obligation l\u00e9gale, telle que le calcul des taxes<\/li><li>Am\u00e9liorer les offres de notre boutique<\/li><li>Vous envoyer des messages marketing, si vous choisissez d\u2019en recevoir<\/li><\/ul>\n\n\n\n<p>Si vous cr\u00e9ez un compte, nous stockons votre nom, adresse, e-mail, et num\u00e9ro de t\u00e9l\u00e9phone, qui sera utilis\u00e9 pour pr\u00e9remplir la validation de commande pour les prochaines commandes.<\/p>\n\n\n\n<p>Nous stockons g\u00e9n\u00e9ralement vos informations aussi longtemps que nous en avons besoin pour l\u2019usage pour lequel nous les collectons et utilisons, et nous ne sommes pas oblig\u00e9s l\u00e9galement de continuer \u00e0 les conserver. Par exemple, nous stockons les informations de commande pour XXX ann\u00e9es pour les taxes et la comptabilit\u00e9. Ceci inclut votre nom, e-mail et adresses de facturation et livraison.<\/p>\n\n\n\n<p>Nous stockons aussi les commentaires ou avis, si vous choisissez d\u2019en envoyer.<\/p>\n\n\n\n<h3>contenu embarqu\u00e9 depuis d\u2019autres sites<\/h3>\n\n\n\n<p>Les articles de ce site peuvent inclure des contenus int\u00e9gr\u00e9s (par exemple des vid\u00e9os, images, articles\u2026). Le contenu int\u00e9gr\u00e9 depuis d\u2019autres sites se comporte de la m\u00eame mani\u00e8re que si le visiteur se rendait sur cet autre site.<\/p>\n\n\n\n<p>Ces sites web pourraient collecter des donn\u00e9es sur vous, utiliser des cookies, embarquer des outils de suivis tiers, suivre vos interactions avec ces contenus embarqu\u00e9s si vous disposez d\u2019un compte connect\u00e9 sur leur site web.<\/p>\n\n\n\n<h3>statistiques et mesures d\u2019audience<\/h3>\n\n\n\n<p id=\"tw-target-text\">Donn\u00e9es utilis\u00e9es\u00a0: adresse IP, identifiant d&rsquo;utilisateur WordPress.com (si connect\u00e9), nom d&rsquo;utilisateur WordPress.com (si connect\u00e9), agent utilisateur, URL de visite, URL de r\u00e9f\u00e9rence, horodatage de l&rsquo;\u00e9v\u00e9nement, langue du navigateur, code de pays. Important : Le propri\u00e9taire du site n&rsquo;a acc\u00e8s \u00e0 aucune de ces informations via cette fonctionnalit\u00e9. Par exemple, un propri\u00e9taire de site peut voir qu&rsquo;une publication sp\u00e9cifique a 285 vues, mais il\/elle ne peut pas voir quels utilisateurs\/comptes sp\u00e9cifiques ont vu cette publication. Les journaux de statistiques &#8211; contenant les adresses IP des visiteurs et les noms d&rsquo;utilisateur WordPress.com (si disponibles) &#8211; sont conserv\u00e9s par Automattic pendant 28 jours et sont utilis\u00e9s dans le seul but d&rsquo;alimenter cette fonctionnalit\u00e9. <\/p>\n\n\n\n<p id=\"tw-target-text\">Suivi de l&rsquo;activit\u00e9\u00a0: publications et pages vues, lectures de vid\u00e9os (si les vid\u00e9os sont h\u00e9berg\u00e9es par WordPress.com), clics sur les liens sortants, URL de r\u00e9f\u00e9rence et termes des moteurs de recherche, et pays. Lorsque ce module est activ\u00e9, Jetpack suit \u00e9galement les performances sur chaque chargement de page qui inclut le fichier JavaScript utilis\u00e9 pour le suivi des statistiques. Ceci est exclusivement pour le suivi des performances globales sur les sites Jetpack afin de s&rsquo;assurer que notre plugin et notre code ne causent pas de probl\u00e8mes de performances. Cela inclut le suivi des temps de chargement des pages et de la dur\u00e9e de chargement des ressources (fichiers images, fichiers JavaScript, fichiers CSS, etc.). Le propri\u00e9taire du site a la possibilit\u00e9 de forcer cette fonctionnalit\u00e9 \u00e0 respecter les param\u00e8tres DNT des visiteurs. Par d\u00e9faut, DNT n&rsquo;est actuellement pas honor\u00e9.<\/p>\n\n\n\n<h2>utilisation et transmission de vos donn\u00e9es personnelles<\/h2>\n\n\n\n<p>Si vous demandez une r\u00e9initialisation de votre mot de passe, votre adresse IP sera incluse dans l\u2019e-mail de r\u00e9initialisation.<\/p>\n\n\n\n<p>Nous collectons des informations lors de la validation de commande sur notre boutique.<\/p>\n\n\n\n<p>Les membres de notre \u00e9quipe ont acc\u00e8s aux informations que vous nous fournissez. Par exemple, les administrateurs et g\u00e9rants de boutique ont acc\u00e8s&nbsp;:<\/p>\n\n\n\n<ul><li>Information de commande tel que ce qui a \u00e9t\u00e9 achet\u00e9, quand et o\u00f9 cela doit \u00eatre envoy\u00e9, et<\/li><li>Information client tel que votre nom, adresse de messagerie et informations de facturation et livraison.<\/li><\/ul>\n\n\n\n<p>Notre \u00e9quipe a acc\u00e8s \u00e0 ces informations pour tra\u00eeter les commandes, effectuer les remboursements et vous aider.<\/p>\n\n\n\n<h3>paypal<\/h3>\n\n\n\n<p>Nous acceptons les paiements par PayPal. Lors du traitement des paiements, certains donn\u00e9es seront transmises \u00e0 PayPal, incluant l\u2019information obligatoires \u00e0 l\u2019ex\u00e9cution du paiement, tel que le montant total ou les informations de facturation.<\/p>\n\n\n\n<p>Veuillez lire la\u00a0<a href=\"https:\/\/www.paypal.com\/us\/webapps\/mpp\/ua\/privacy-full\">politique de confidentialit\u00e9 de PayPal<\/a>\u00a0pour plus de d\u00e9tails.<\/p>\n\n\n\n<h3>stripe<\/h3>\n\n\n\n<p>En utilisant cette extension, vous pouvez stocker des donn\u00e9es personnelles ou partager des donn\u00e9es avec un service externe.\u00a0<a rel=\"noreferrer noopener\" href=\"https:\/\/docs.woocommerce.com\/document\/privacy-payments\/#woocommerce-gateway-stripe\" target=\"_blank\">En savoir plus sur la fa\u00e7on dont cela fonctionne, y compris ce que vous pouvez vouloir inclure dans votre politique de confidentialit\u00e9.<\/a><\/p>\n\n\n\n<h2>dur\u00e9es de stockage de vos donn\u00e9es<\/h2>\n\n\n\n<p>Pour les utilisateurs et utilisatrices qui s\u2019inscrivent sur notre site (si cela est possible), nous stockons \u00e9galement les donn\u00e9es personnelles indiqu\u00e9es dans leur profil. Tous les utilisateurs et utilisatrices peuvent voir, modifier ou supprimer leurs informations personnelles \u00e0 tout moment (\u00e0 l\u2019exception de leur nom d\u2019utilisateur\u00b7ice). Les gestionnaires du site peuvent aussi voir et modifier ces informations.<\/p>\n\n\n\n<h2>les droits que vous avez sur vos donn\u00e9es<\/h2>\n\n\n\n<p>Si vous avez un compte ou si vous avez laiss\u00e9 des commentaires sur le site, vous pouvez demander \u00e0 recevoir un fichier contenant toutes les donn\u00e9es personnelles que nous poss\u00e9dons \u00e0 votre sujet, incluant celles que vous nous avez fournies. Vous pouvez \u00e9galement demander la suppression des donn\u00e9es personnelles vous concernant. Cela ne prend pas en compte les donn\u00e9es stock\u00e9es \u00e0 des fins administratives, l\u00e9gales ou pour des raisons de s\u00e9curit\u00e9.<\/p>\n\n\n\n<h2>transmission de vos donn\u00e9es personnelles<\/h2>\n\n\n\n<p>Les commentaires des visiteurs peuvent \u00eatre v\u00e9rifi\u00e9s \u00e0 l\u2019aide d\u2019un service automatis\u00e9 de d\u00e9tection des commentaires ind\u00e9sirables.<\/p>\n\n\n\n<h2>informations de contact<\/h2>\n\n\n\n<p>m\u00e9lanie jouen<br>06 76 29 78 56<br>ici@la-relache.com<\/p>\n","protected":false},"excerpt":{"rendered":"<p>qui sommes-nous&nbsp;? L\u2019adresse de notre site Web est\u00a0: https:\/\/la-relache.com utilisation des donn\u00e9es personnelles collect\u00e9es ce que nous collectons et stockons Pendant votre visite du site, nous suivons&nbsp;: Produits que vous avez vu&nbsp;: nous les utilisons pour, par exemple, afficher des produits que vous avez r\u00e9cemment vu Localisation, adresse IP et type de navigateur&nbsp;: nous les<a class=\"more-link\" href=\"https:\/\/la-relache.com\/index.php\/politique-de-confidentialite\/\">en lire plus \u27f6<\/a><\/p>\n","protected":false},"author":1,"featured_media":0,"parent":0,"menu_order":0,"comment_status":"closed","ping_status":"open","template":"","meta":{"_editorskit_title_hidden":false,"_editorskit_reading_time":4,"spay_email":""},"jetpack_sharing_enabled":true,"_links":{"self":[{"href":"https:\/\/la-relache.com\/index.php\/wp-json\/wp\/v2\/pages\/3"}],"collection":[{"href":"https:\/\/la-relache.com\/index.php\/wp-json\/wp\/v2\/pages"}],"about":[{"href":"https:\/\/la-relache.com\/index.php\/wp-json\/wp\/v2\/types\/page"}],"author":[{"embeddable":true,"href":"https:\/\/la-relache.com\/index.php\/wp-json\/wp\/v2\/users\/1"}],"replies":[{"embeddable":true,"href":"https:\/\/la-relache.com\/index.php\/wp-json\/wp\/v2\/comments?post=3"}],"version-history":[{"count":4,"href":"https:\/\/la-relache.com\/index.php\/wp-json\/wp\/v2\/pages\/3\/revisions"}],"predecessor-version":[{"id":633,"href":"https:\/\/la-relache.com\/index.php\/wp-json\/wp\/v2\/pages\/3\/revisions\/633"}],"wp:attachment":[{"href":"https:\/\/la-relache.com\/index.php\/wp-json\/wp\/v2\/media?parent=3"}],"curies":[{"name":"wp","href":"https:\/\/api.w.org\/{rel}","templated":true}]}}